{"id":57,"date":"2024-03-21T12:01:03","date_gmt":"2024-03-21T11:01:03","guid":{"rendered":"http:\/\/192.168.178.44\/?page_id=57"},"modified":"2024-05-21T20:46:38","modified_gmt":"2024-05-21T18:46:38","slug":"leistungen","status":"publish","type":"page","link":"https:\/\/www.lichtbilderliebe.de\/?page_id=57","title":{"rendered":"Leistungen"},"content":{"rendered":"\t\t<div data-elementor-type=\"wp-page\" data-elementor-id=\"57\" class=\"elementor elementor-57\">\n\t\t\t\t<div class=\"elementor-element elementor-element-8cee55a e-flex e-con-boxed e-con e-parent\" data-id=\"8cee55a\" data-element_type=\"container\" data-e-type=\"container\" data-settings=\"{&quot;background_background&quot;:&quot;classic&quot;}\">\n\t\t\t\t\t<div class=\"e-con-inner\">\n\t\t\t\t<div class=\"elementor-element elementor-element-3e45606 elementor-widget elementor-widget-heading\" data-id=\"3e45606\" data-element_type=\"widget\" data-e-type=\"widget\" data-widget_type=\"heading.default\">\n\t\t\t\t<div class=\"elementor-widget-container\">\n\t\t\t\t\t<h1 class=\"elementor-heading-title elementor-size-default\">besondere Momente f\u00fcr die Ewigkeit festhalten<\/h1>\t\t\t\t<\/div>\n\t\t\t\t<\/div>\n\t\t\t\t\t<\/div>\n\t\t\t\t<\/div>\n\t\t<div class=\"elementor-element elementor-element-08415f0 e-flex e-con-boxed e-con e-parent\" data-id=\"08415f0\" data-element_type=\"container\" data-e-type=\"container\" data-settings=\"{&quot;background_background&quot;:&quot;classic&quot;}\">\n\t\t\t\t\t<div class=\"e-con-inner\">\n\t\t<div class=\"elementor-element elementor-element-7680d1d e-con-full e-flex e-con e-child\" data-id=\"7680d1d\" data-element_type=\"container\" data-e-type=\"container\">\n\t\t\t\t<div class=\"elementor-element elementor-element-39e3859 elementor-widget elementor-widget-image\" data-id=\"39e3859\" data-element_type=\"widget\" data-e-type=\"widget\" data-widget_type=\"image.default\">\n\t\t\t\t<div class=\"elementor-widget-container\">\n\t\t\t\t\t\t\t\t\t\t\t\t\t\t\t<img decoding=\"async\" src=\"https:\/\/www.lichtbilderliebe.de\/wp-content\/uploads\/2024\/03\/M22A3474-1-e1711572606741.jpg\" title=\"\" alt=\"\" loading=\"lazy\" \/>\t\t\t\t\t\t\t\t\t\t\t\t\t\t\t<\/div>\n\t\t\t\t<\/div>\n\t\t\t\t<div class=\"elementor-element elementor-element-383699e elementor-widget elementor-widget-heading\" data-id=\"383699e\" data-element_type=\"widget\" data-e-type=\"widget\" data-widget_type=\"heading.default\">\n\t\t\t\t<div class=\"elementor-widget-container\">\n\t\t\t\t\t<h2 class=\"elementor-heading-title elementor-size-default\">Familie<\/h2>\t\t\t\t<\/div>\n\t\t\t\t<\/div>\n\t\t\t\t<div class=\"elementor-element elementor-element-91debc9 elementor-widget__width-initial elementor-widget elementor-widget-text-editor\" data-id=\"91debc9\" data-element_type=\"widget\" data-e-type=\"widget\" data-widget_type=\"text-editor.default\">\n\t\t\t\t<div class=\"elementor-widget-container\">\n\t\t\t\t\t\t\t\t\t<p>Meine Bilder sollen genau die Augenblicke einfangen, die euch als Familie besonders machen &#8211; ganz nat\u00fcrlich und ohne Druck. Man soll die Bilder sehen und euch sofort erkennen. Beim Shooting gilt die Devise: alles kann, nichts muss. Ihr sollt so sein, wie ihr seid &#8211; mit allen Facetten, denn das ist das, was euch als Familie besonders macht. Jedes Mitglied der Familie ist wichtig und deshalb sind f\u00fcr mich Bilder von den Kindern genau so wichtig wie von den Eltern. \u00a0\u00a0<\/p>\t\t\t\t\t\t\t\t<\/div>\n\t\t\t\t<\/div>\n\t\t\t\t<\/div>\n\t\t<div class=\"elementor-element elementor-element-876d578 e-con-full e-flex e-con e-child\" data-id=\"876d578\" data-element_type=\"container\" data-e-type=\"container\">\n\t\t\t\t<div class=\"elementor-element elementor-element-5380961 elementor-widget elementor-widget-image\" data-id=\"5380961\" data-element_type=\"widget\" data-e-type=\"widget\" data-widget_type=\"image.default\">\n\t\t\t\t<div class=\"elementor-widget-container\">\n\t\t\t\t\t\t\t\t\t\t\t\t\t\t\t<img decoding=\"async\" src=\"http:\/\/192.168.178.44\/wp-content\/uploads\/2024\/03\/MG_9114-scaled.jpg\" title=\"\" alt=\"\" loading=\"lazy\" \/>\t\t\t\t\t\t\t\t\t\t\t\t\t\t\t<\/div>\n\t\t\t\t<\/div>\n\t\t\t\t<div class=\"elementor-element elementor-element-1f93680 elementor-widget elementor-widget-heading\" data-id=\"1f93680\" data-element_type=\"widget\" data-e-type=\"widget\" data-widget_type=\"heading.default\">\n\t\t\t\t<div class=\"elementor-widget-container\">\n\t\t\t\t\t<h2 class=\"elementor-heading-title elementor-size-default\">Newborn<\/h2>\t\t\t\t<\/div>\n\t\t\t\t<\/div>\n\t\t\t\t<div class=\"elementor-element elementor-element-7b0548b elementor-widget__width-initial elementor-widget elementor-widget-text-editor\" data-id=\"7b0548b\" data-element_type=\"widget\" data-e-type=\"widget\" data-widget_type=\"text-editor.default\">\n\t\t\t\t<div class=\"elementor-widget-container\">\n\t\t\t\t\t\t\t\t\t<p>Damit ihr euch ein Leben lang an die wundervollen ersten Tage als Familie erinnern k\u00f6nnt, halten wir den einmaligen Neugeborenenzauber in Bildern fest. Das Shooting findet bei euch zu Hause im gewohnten Umfeld statt &#8211; mit viel Ruhe und Zeit zum kuscheln, stillen oder f\u00fcttern. Es entstehen nat\u00fcrlich auch Familien- und Geschwisterbilder, falls es schon gr\u00f6\u00dfere Geschwister gibt. Habt ihr euer Newbornshooting bei mir reserviert, vereinbaren wir den genauen Termin, wenn euer Baby auf der Welt ist.\u00a0<\/p>\t\t\t\t\t\t\t\t<\/div>\n\t\t\t\t<\/div>\n\t\t\t\t<\/div>\n\t\t<div class=\"elementor-element elementor-element-5ef2e80 e-con-full e-flex e-con e-child\" data-id=\"5ef2e80\" data-element_type=\"container\" data-e-type=\"container\">\n\t\t\t\t<div class=\"elementor-element elementor-element-62be65b elementor-widget elementor-widget-image\" data-id=\"62be65b\" data-element_type=\"widget\" data-e-type=\"widget\" data-widget_type=\"image.default\">\n\t\t\t\t<div class=\"elementor-widget-container\">\n\t\t\t\t\t\t\t\t\t\t\t\t\t\t\t<img decoding=\"async\" src=\"https:\/\/www.lichtbilderliebe.de\/wp-content\/uploads\/2024\/05\/M22A0351.jpg\" title=\"\" alt=\"\" loading=\"lazy\" \/>\t\t\t\t\t\t\t\t\t\t\t\t\t\t\t<\/div>\n\t\t\t\t<\/div>\n\t\t\t\t<div class=\"elementor-element elementor-element-c97ec69 elementor-widget elementor-widget-heading\" data-id=\"c97ec69\" data-element_type=\"widget\" data-e-type=\"widget\" data-widget_type=\"heading.default\">\n\t\t\t\t<div class=\"elementor-widget-container\">\n\t\t\t\t\t<h2 class=\"elementor-heading-title elementor-size-default\">Schwangerschaft<\/h2>\t\t\t\t<\/div>\n\t\t\t\t<\/div>\n\t\t\t\t<div class=\"elementor-element elementor-element-ab207ec elementor-widget__width-initial elementor-widget elementor-widget-text-editor\" data-id=\"ab207ec\" data-element_type=\"widget\" data-e-type=\"widget\" data-widget_type=\"text-editor.default\">\n\t\t\t\t<div class=\"elementor-widget-container\">\n\t\t\t\t\t\t\t\t\t<p>Mit einer Schwangerschaft beginnt eine wundervolle Reise, welche euch zur Familie und dich zur Mama werden l\u00e4sst. Dieses Wunder der Natur m\u00f6chte ich gemeinsam mit euch festhalten. Das Babybauchshooting gestalten wir ganz individuell, denn jede Schwangerschaft ist anders und jede werdende Mama braucht etwas anderes, um sich wohl zu f\u00fchlen. Empfehlenswert ist ein Shooting um die 30. SSW, ist aber kein Muss. Bei dem Shooting ist nat\u00fcrlich auch das Geschwisterkind, falls vorhanden, herzlich Willkommen.\u00a0<\/p>\t\t\t\t\t\t\t\t<\/div>\n\t\t\t\t<\/div>\n\t\t\t\t<\/div>\n\t\t<div class=\"elementor-element elementor-element-da68258 e-flex e-con-boxed e-con e-child\" data-id=\"da68258\" data-element_type=\"container\" data-e-type=\"container\">\n\t\t\t\t\t<div class=\"e-con-inner\">\n\t\t\t\t<div class=\"elementor-element elementor-element-ca7f0c1 elementor-align-center elementor-widget elementor-widget-button\" data-id=\"ca7f0c1\" data-element_type=\"widget\" data-e-type=\"widget\" data-widget_type=\"button.default\">\n\t\t\t\t<div class=\"elementor-widget-container\">\n\t\t\t\t\t\t\t\t\t<div class=\"elementor-button-wrapper\">\n\t\t\t\t\t<a class=\"elementor-button elementor-button-link elementor-size-sm\" href=\"https:\/\/www.lichtbilderliebe.de\/?page_id=34\">\n\t\t\t\t\t\t<span class=\"elementor-button-content-wrapper\">\n\t\t\t\t\t\t\t\t\t<span class=\"elementor-button-text\">lass dich inspirieren.<\/span>\n\t\t\t\t\t<\/span>\n\t\t\t\t\t<\/a>\n\t\t\t\t<\/div>\n\t\t\t\t\t\t\t\t<\/div>\n\t\t\t\t<\/div>\n\t\t\t\t\t<\/div>\n\t\t\t\t<\/div>\n\t\t\t\t<div class=\"elementor-element elementor-element-cb9d38a elementor-widget-divider--view-line elementor-widget elementor-widget-divider\" data-id=\"cb9d38a\" data-element_type=\"widget\" data-e-type=\"widget\" data-widget_type=\"divider.default\">\n\t\t\t\t<div class=\"elementor-widget-container\">\n\t\t\t\t\t\t\t<div class=\"elementor-divider\">\n\t\t\t<span class=\"elementor-divider-separator\">\n\t\t\t\t\t\t<\/span>\n\t\t<\/div>\n\t\t\t\t\t\t<\/div>\n\t\t\t\t<\/div>\n\t\t\t\t\t<\/div>\n\t\t\t\t<\/div>\n\t\t<div class=\"elementor-element elementor-element-26a3d30 e-flex e-con-boxed e-con e-parent\" data-id=\"26a3d30\" data-element_type=\"container\" data-e-type=\"container\" data-settings=\"{&quot;background_background&quot;:&quot;classic&quot;}\">\n\t\t\t\t\t<div class=\"e-con-inner\">\n\t\t<div class=\"elementor-element elementor-element-070f345 e-con-full e-flex e-con e-child\" data-id=\"070f345\" data-element_type=\"container\" data-e-type=\"container\">\n\t\t\t\t<div class=\"elementor-element elementor-element-4d6f36c elementor-widget elementor-widget-heading\" data-id=\"4d6f36c\" data-element_type=\"widget\" data-e-type=\"widget\" data-widget_type=\"heading.default\">\n\t\t\t\t<div class=\"elementor-widget-container\">\n\t\t\t\t\t<h2 class=\"elementor-heading-title elementor-size-default\">Ablauf des Fotoshootings<\/h2>\t\t\t\t<\/div>\n\t\t\t\t<\/div>\n\t\t\t\t<div class=\"elementor-element elementor-element-543cc6c elementor-widget__width-initial elementor-widget elementor-widget-text-editor\" data-id=\"543cc6c\" data-element_type=\"widget\" data-e-type=\"widget\" data-widget_type=\"text-editor.default\">\n\t\t\t\t<div class=\"elementor-widget-container\">\n\t\t\t\t\t\t\t\t\t<p>1. Gemeinsam besprechen wir eure Vorstellungen eurer Familienfotos und \u00fcberlegen, wie wir diese umsetzen k\u00f6nnen. Das Shooting kann bei euch zu Hause oder drau\u00dfen in der Natur stattfinden.\u00a0<\/p><p>2. Wir vereinbaren einen Termin, der vor allem f\u00fcr euch als Familie am Besten in euren Alltag passt und bei dem wir eine Atmosph\u00e4re schaffen k\u00f6nnen, die frei von Stress und Druck ist.<\/p><p>3. Das Shooting dauert circa 60 &#8211; 90 Minuten, bei Bedarf auch l\u00e4nger. So bleibt auch Zeit, um die Location oder das Outfit zu wechseln und kleine Pausen einzulegen.<\/p><p>4. Nach unserem Familienshooting bearbeite ich die besten Bilder liebevoll in meinem Stil. Es gibt hierbei kein Limit und ihr bekommt alle Fotos hochaufl\u00f6send und ohne Wasserzeichen zum Download in einer Online-Galerie.<\/p>\t\t\t\t\t\t\t\t<\/div>\n\t\t\t\t<\/div>\n\t\t\t\t<\/div>\n\t\t<div class=\"elementor-element elementor-element-95bd2e9 e-con-full e-flex e-con e-child\" data-id=\"95bd2e9\" data-element_type=\"container\" data-e-type=\"container\">\n\t\t\t\t<div class=\"elementor-element elementor-element-1505895 elementor-widget elementor-widget-image\" data-id=\"1505895\" data-element_type=\"widget\" data-e-type=\"widget\" data-widget_type=\"image.default\">\n\t\t\t\t<div class=\"elementor-widget-container\">\n\t\t\t\t\t\t\t\t\t\t\t\t\t\t\t<img decoding=\"async\" src=\"http:\/\/192.168.178.44\/wp-content\/uploads\/2024\/03\/IMG_2365.jpg\" title=\"\" alt=\"\" loading=\"lazy\" \/>\t\t\t\t\t\t\t\t\t\t\t\t\t\t\t<\/div>\n\t\t\t\t<\/div>\n\t\t\t\t<\/div>\n\t\t\t\t<div class=\"elementor-element elementor-element-5d92fce elementor-widget-divider--view-line elementor-widget elementor-widget-divider\" data-id=\"5d92fce\" data-element_type=\"widget\" data-e-type=\"widget\" data-widget_type=\"divider.default\">\n\t\t\t\t<div class=\"elementor-widget-container\">\n\t\t\t\t\t\t\t<div class=\"elementor-divider\">\n\t\t\t<span class=\"elementor-divider-separator\">\n\t\t\t\t\t\t<\/span>\n\t\t<\/div>\n\t\t\t\t\t\t<\/div>\n\t\t\t\t<\/div>\n\t\t<div class=\"elementor-element elementor-element-64b5465 e-con-full e-flex e-con e-child\" data-id=\"64b5465\" data-element_type=\"container\" data-e-type=\"container\">\n\t\t\t\t<div class=\"elementor-element elementor-element-4f56427 elementor-widget__width-initial elementor-widget elementor-widget-image\" data-id=\"4f56427\" data-element_type=\"widget\" data-e-type=\"widget\" data-widget_type=\"image.default\">\n\t\t\t\t<div class=\"elementor-widget-container\">\n\t\t\t\t\t\t\t\t\t\t\t\t\t\t\t<img decoding=\"async\" src=\"http:\/\/192.168.178.44\/wp-content\/uploads\/2024\/03\/MG_0923.jpg\" title=\"\" alt=\"\" loading=\"lazy\" \/>\t\t\t\t\t\t\t\t\t\t\t\t\t\t\t<\/div>\n\t\t\t\t<\/div>\n\t\t\t\t<\/div>\n\t\t<div class=\"elementor-element elementor-element-2006821 e-con-full e-flex e-con e-child\" data-id=\"2006821\" data-element_type=\"container\" data-e-type=\"container\">\n\t\t\t\t<div class=\"elementor-element elementor-element-d575804 elementor-widget elementor-widget-heading\" data-id=\"d575804\" data-element_type=\"widget\" data-e-type=\"widget\" data-widget_type=\"heading.default\">\n\t\t\t\t<div class=\"elementor-widget-container\">\n\t\t\t\t\t<h2 class=\"elementor-heading-title elementor-size-default\">Allgemeines zum Fotoshooting<\/h2>\t\t\t\t<\/div>\n\t\t\t\t<\/div>\n\t\t\t\t<div class=\"elementor-element elementor-element-38e936f elementor-widget__width-initial elementor-widget elementor-widget-text-editor\" data-id=\"38e936f\" data-element_type=\"widget\" data-e-type=\"widget\" data-widget_type=\"text-editor.default\">\n\t\t\t\t<div class=\"elementor-widget-container\">\n\t\t\t\t\t\t\t\t\t<p>&#8211; F\u00fcr <u>authentische, nat\u00fcrliche und lebendige<\/u>&nbsp;Familienfotos, d\u00fcrfen beim Fotoshooting der <u>Spa\u00df<\/u>&nbsp;und die&nbsp;<u>Freude<\/u> nicht zu kurz kommen. Wir gestalten unsere gemeinsame Zeit so, dass ihr euch fallen lassen und mich ausblenden k\u00f6nnt. Ihr d\u00fcrft kuscheln, spielen, toben, die Welt entdecken &#8211; einfach ganz ihr selbst sein.&nbsp;<\/p>\n<p>&#8211; Das Shooting kann an eurem <u>Lieblingsplatz<\/u> stattfinden oder wir finden gemeinsam eine passende <u>Location<\/u>. Bei Shootings in der Natur oder im \u00f6ffentlichen Raum lege ich Wert darauf, dass wir ungest\u00f6rt sein k\u00f6nnen.<\/p>\n<p>&#8211; Damit die Bilder harmonisch aussehen, gibt es bei der Wahl des <u>Outfits<\/u> einiges zu beachten. Stimmt die Outfits aufeinander ab, w\u00e4hlt warme\/erdige Farben und vermeidet gro\u00dfe Aufdrucke\/Muster. Ansonsten gilt: Zieht das an, worin ihr euch wohl und nicht verkleidet f\u00fchlt. Gerne unterst\u00fctze ich euch bei der Wahl des richtigen Outfits.&nbsp;<\/p>\t\t\t\t\t\t\t\t<\/div>\n\t\t\t\t<\/div>\n\t\t\t\t<\/div>\n\t\t\t\t\t<\/div>\n\t\t\t\t<\/div>\n\t\t<div class=\"elementor-element elementor-element-556d0a0 e-flex e-con-boxed e-con e-parent\" data-id=\"556d0a0\" data-element_type=\"container\" data-e-type=\"container\" data-settings=\"{&quot;background_background&quot;:&quot;classic&quot;}\">\n\t\t\t\t\t<div class=\"e-con-inner\">\n\t\t\t\t<div class=\"elementor-element elementor-element-74e8c07 elementor-widget-divider--view-line elementor-widget elementor-widget-divider\" data-id=\"74e8c07\" data-element_type=\"widget\" data-e-type=\"widget\" data-widget_type=\"divider.default\">\n\t\t\t\t<div class=\"elementor-widget-container\">\n\t\t\t\t\t\t\t<div class=\"elementor-divider\">\n\t\t\t<span class=\"elementor-divider-separator\">\n\t\t\t\t\t\t<\/span>\n\t\t<\/div>\n\t\t\t\t\t\t<\/div>\n\t\t\t\t<\/div>\n\t\t\t\t\t<\/div>\n\t\t\t\t<\/div>\n\t\t<div class=\"elementor-element elementor-element-fac3b27 e-flex e-con-boxed e-con e-parent\" data-id=\"fac3b27\" data-element_type=\"container\" data-e-type=\"container\">\n\t\t\t\t\t<div class=\"e-con-inner\">\n\t\t<div class=\"elementor-element elementor-element-b5d7383 e-con-full e-flex e-con e-child\" data-id=\"b5d7383\" data-element_type=\"container\" data-e-type=\"container\">\n\t\t\t\t<div class=\"elementor-element elementor-element-42d8057 elementor-widget elementor-widget-image\" data-id=\"42d8057\" data-element_type=\"widget\" data-e-type=\"widget\" data-widget_type=\"image.default\">\n\t\t\t\t<div class=\"elementor-widget-container\">\n\t\t\t\t\t\t\t\t\t\t\t\t\t\t\t<img decoding=\"async\" src=\"https:\/\/www.lichtbilderliebe.de\/wp-content\/uploads\/2024\/03\/M22A4033-e1711233392120.jpg\" title=\"\" alt=\"\" loading=\"lazy\" \/>\t\t\t\t\t\t\t\t\t\t\t\t\t\t\t<\/div>\n\t\t\t\t<\/div>\n\t\t\t\t<\/div>\n\t\t<div class=\"elementor-element elementor-element-2db43c7 e-con-full e-flex e-con e-child\" data-id=\"2db43c7\" data-element_type=\"container\" data-e-type=\"container\">\n\t\t<div class=\"elementor-element elementor-element-78defcd e-flex e-con-boxed e-con e-child\" data-id=\"78defcd\" data-element_type=\"container\" data-e-type=\"container\">\n\t\t\t\t\t<div class=\"e-con-inner\">\n\t\t\t\t<div class=\"elementor-element elementor-element-f183319 elementor-widget elementor-widget-heading\" data-id=\"f183319\" data-element_type=\"widget\" data-e-type=\"widget\" data-widget_type=\"heading.default\">\n\t\t\t\t<div class=\"elementor-widget-container\">\n\t\t\t\t\t<h2 class=\"elementor-heading-title elementor-size-default\">Kosten des Fotoshootings<\/h2>\t\t\t\t<\/div>\n\t\t\t\t<\/div>\n\t\t\t\t\t<\/div>\n\t\t\t\t<\/div>\n\t\t<div class=\"elementor-element elementor-element-0c6fa1c e-flex e-con-boxed e-con e-child\" data-id=\"0c6fa1c\" data-element_type=\"container\" data-e-type=\"container\">\n\t\t\t\t\t<div class=\"e-con-inner\">\n\t\t\t\t<div class=\"elementor-element elementor-element-e5e2bf1 elementor-widget__width-initial elementor-widget elementor-widget-text-editor\" data-id=\"e5e2bf1\" data-element_type=\"widget\" data-e-type=\"widget\" data-widget_type=\"text-editor.default\">\n\t\t\t\t<div class=\"elementor-widget-container\">\n\t\t\t\t\t\t\t\t\t<p>Die Pauschale f\u00fcr ein Fotoshooting zu den oben genannten Konditionen betr\u00e4gt <strong>250\u20ac<\/strong>. In Einzelf\u00e4llen (bspw. Fahrtkosten \/ besondere W\u00fcnsche etc.) k\u00f6nnen zus\u00e4tzliche Kosten anfallen.<\/p>\t\t\t\t\t\t\t\t<\/div>\n\t\t\t\t<\/div>\n\t\t\t\t\t<\/div>\n\t\t\t\t<\/div>\n\t\t\t\t<\/div>\n\t\t\t\t\t<\/div>\n\t\t\t\t<\/div>\n\t\t<div class=\"elementor-element elementor-element-e95d4b0 e-flex e-con-boxed e-con e-parent\" data-id=\"e95d4b0\" data-element_type=\"container\" data-e-type=\"container\">\n\t\t\t\t\t<div class=\"e-con-inner\">\n\t\t\t\t<div class=\"elementor-element elementor-element-3b40aec elementor-widget-divider--view-line elementor-widget elementor-widget-divider\" data-id=\"3b40aec\" data-element_type=\"widget\" data-e-type=\"widget\" data-widget_type=\"divider.default\">\n\t\t\t\t<div class=\"elementor-widget-container\">\n\t\t\t\t\t\t\t<div class=\"elementor-divider\">\n\t\t\t<span class=\"elementor-divider-separator\">\n\t\t\t\t\t\t<\/span>\n\t\t<\/div>\n\t\t\t\t\t\t<\/div>\n\t\t\t\t<\/div>\n\t\t\t\t<div class=\"elementor-element elementor-element-58aeedb elementor-align-center elementor-widget elementor-widget-button\" data-id=\"58aeedb\" data-element_type=\"widget\" data-e-type=\"widget\" data-settings=\"{&quot;_animation&quot;:&quot;none&quot;}\" data-widget_type=\"button.default\">\n\t\t\t\t<div class=\"elementor-widget-container\">\n\t\t\t\t\t\t\t\t\t<div class=\"elementor-button-wrapper\">\n\t\t\t\t\t<a class=\"elementor-button elementor-button-link elementor-size-sm\" href=\"https:\/\/www.lichtbilderliebe.de\/?page_id=27\">\n\t\t\t\t\t\t<span class=\"elementor-button-content-wrapper\">\n\t\t\t\t\t\t\t\t\t<span class=\"elementor-button-text\">Jetzt Termin anfragen.<\/span>\n\t\t\t\t\t<\/span>\n\t\t\t\t\t<\/a>\n\t\t\t\t<\/div>\n\t\t\t\t\t\t\t\t<\/div>\n\t\t\t\t<\/div>\n\t\t\t\t\t<\/div>\n\t\t\t\t<\/div>\n\t\t\t\t<\/div>\n\t\t","protected":false},"excerpt":{"rendered":"<p>besondere Momente f\u00fcr die Ewigkeit festhalten Familie Meine Bilder sollen genau die Augenblicke einfangen, die euch als Familie besonders machen &#8211; ganz nat\u00fcrlich und ohne Druck. Man soll die Bilder sehen und euch sofort erkennen. Beim Shooting gilt die Devise: alles kann, nichts muss. Ihr sollt so sein, wie ihr seid &#8211; mit allen Facetten, [&hellip;]<\/p>\n","protected":false},"author":1,"featured_media":0,"parent":0,"menu_order":0,"comment_status":"closed","ping_status":"closed","template":"","meta":{"_monsterinsights_skip_tracking":false,"_monsterinsights_sitenote_active":false,"_monsterinsights_sitenote_note":"","_monsterinsights_sitenote_category":0,"ocean_post_layout":"full-screen","ocean_both_sidebars_style":"","ocean_both_sidebars_content_width":0,"ocean_both_sidebars_sidebars_width":0,"ocean_sidebar":"","ocean_second_sidebar":"","ocean_disable_margins":"enable","ocean_add_body_class":"","ocean_shortcode_before_top_bar":"","ocean_shortcode_after_top_bar":"","ocean_shortcode_before_header":"","ocean_shortcode_after_header":"","ocean_has_shortcode":"","ocean_shortcode_after_title":"","ocean_shortcode_before_footer_widgets":"","ocean_shortcode_after_footer_widgets":"","ocean_shortcode_before_footer_bottom":"","ocean_shortcode_after_footer_bottom":"","ocean_display_top_bar":"off","ocean_display_header":"default","ocean_header_style":"","ocean_center_header_left_menu":"","ocean_custom_header_template":"","ocean_custom_logo":0,"ocean_custom_retina_logo":0,"ocean_custom_logo_max_width":0,"ocean_custom_logo_tablet_max_width":0,"ocean_custom_logo_mobile_max_width":0,"ocean_custom_logo_max_height":0,"ocean_custom_logo_tablet_max_height":0,"ocean_custom_logo_mobile_max_height":0,"ocean_header_custom_menu":"","ocean_menu_typo_font_family":"","ocean_menu_typo_font_subset":"","ocean_menu_typo_font_size":0,"ocean_menu_typo_font_size_tablet":0,"ocean_menu_typo_font_size_mobile":0,"ocean_menu_typo_font_size_unit":"px","ocean_menu_typo_font_weight":"","ocean_menu_typo_font_weight_tablet":"","ocean_menu_typo_font_weight_mobile":"","ocean_menu_typo_transform":"","ocean_menu_typo_transform_tablet":"","ocean_menu_typo_transform_mobile":"","ocean_menu_typo_line_height":0,"ocean_menu_typo_line_height_tablet":0,"ocean_menu_typo_line_height_mobile":0,"ocean_menu_typo_line_height_unit":"","ocean_menu_typo_spacing":0,"ocean_menu_typo_spacing_tablet":0,"ocean_menu_typo_spacing_mobile":0,"ocean_menu_typo_spacing_unit":"","ocean_menu_link_color":"","ocean_menu_link_color_hover":"","ocean_menu_link_color_active":"","ocean_menu_link_background":"","ocean_menu_link_hover_background":"","ocean_menu_link_active_background":"","ocean_menu_social_links_bg":"","ocean_menu_social_hover_links_bg":"","ocean_menu_social_links_color":"","ocean_menu_social_hover_links_color":"","ocean_disable_title":"on","ocean_disable_heading":"default","ocean_post_title":"","ocean_post_subheading":"","ocean_post_title_style":"","ocean_post_title_background_color":"","ocean_post_title_background":0,"ocean_post_title_bg_image_position":"","ocean_post_title_bg_image_attachment":"","ocean_post_title_bg_image_repeat":"","ocean_post_title_bg_image_size":"","ocean_post_title_height":0,"ocean_post_title_bg_overlay":0.5,"ocean_post_title_bg_overlay_color":"","ocean_disable_breadcrumbs":"default","ocean_breadcrumbs_color":"","ocean_breadcrumbs_separator_color":"","ocean_breadcrumbs_links_color":"","ocean_breadcrumbs_links_hover_color":"","ocean_display_footer_widgets":"off","ocean_display_footer_bottom":"off","ocean_custom_footer_template":"","footnotes":""},"class_list":["post-57","page","type-page","status-publish","hentry","entry"],"_links":{"self":[{"href":"https:\/\/www.lichtbilderliebe.de\/index.php?rest_route=\/wp\/v2\/pages\/57","targetHints":{"allow":["GET"]}}],"collection":[{"href":"https:\/\/www.lichtbilderliebe.de\/index.php?rest_route=\/wp\/v2\/pages"}],"about":[{"href":"https:\/\/www.lichtbilderliebe.de\/index.php?rest_route=\/wp\/v2\/types\/page"}],"author":[{"embeddable":true,"href":"https:\/\/www.lichtbilderliebe.de\/index.php?rest_route=\/wp\/v2\/users\/1"}],"replies":[{"embeddable":true,"href":"https:\/\/www.lichtbilderliebe.de\/index.php?rest_route=%2Fwp%2Fv2%2Fcomments&post=57"}],"version-history":[{"count":412,"href":"https:\/\/www.lichtbilderliebe.de\/index.php?rest_route=\/wp\/v2\/pages\/57\/revisions"}],"predecessor-version":[{"id":1800,"href":"https:\/\/www.lichtbilderliebe.de\/index.php?rest_route=\/wp\/v2\/pages\/57\/revisions\/1800"}],"wp:attachment":[{"href":"https:\/\/www.lichtbilderliebe.de\/index.php?rest_route=%2Fwp%2Fv2%2Fmedia&parent=57"}],"curies":[{"name":"wp","href":"https:\/\/api.w.org\/{rel}","templated":true}]}}