{"id":39,"date":"2024-03-21T11:15:14","date_gmt":"2024-03-21T10:15:14","guid":{"rendered":"http:\/\/192.168.178.44\/?page_id=39"},"modified":"2026-02-22T21:51:09","modified_gmt":"2026-02-22T20:51:09","slug":"aktionen-gutscheine","status":"publish","type":"page","link":"https:\/\/www.lichtbilderliebe.de\/?page_id=39","title":{"rendered":"Aktionen\/Gutscheine"},"content":{"rendered":"\t\t<div data-elementor-type=\"wp-page\" data-elementor-id=\"39\" class=\"elementor elementor-39\">\n\t\t\t\t<div class=\"elementor-element elementor-element-0ea26b3 e-con-full e-flex e-con e-parent\" data-id=\"0ea26b3\" data-element_type=\"container\" data-e-type=\"container\" data-settings=\"{&quot;background_background&quot;:&quot;classic&quot;}\">\n\t\t\t\t<div class=\"elementor-element elementor-element-d99812f elementor-widget elementor-widget-text-editor\" data-id=\"d99812f\" data-element_type=\"widget\" data-e-type=\"widget\" data-widget_type=\"text-editor.default\">\n\t\t\t\t<div class=\"elementor-widget-container\">\n\t\t\t\t\t\t\t\t\t<p>Shootingaktionen \/ gutscheine<\/p>\t\t\t\t\t\t\t\t<\/div>\n\t\t\t\t<\/div>\n\t\t\t\t<\/div>\n\t\t<div class=\"elementor-element elementor-element-4d9fe1d e-flex e-con-boxed e-con e-parent\" data-id=\"4d9fe1d\" data-element_type=\"container\" data-e-type=\"container\">\n\t\t\t\t\t<div class=\"e-con-inner\">\n\t\t\t\t<div class=\"elementor-element elementor-element-cd2f2d2 elementor-widget elementor-widget-heading\" data-id=\"cd2f2d2\" data-element_type=\"widget\" data-e-type=\"widget\" data-widget_type=\"heading.default\">\n\t\t\t\t<div class=\"elementor-widget-container\">\n\t\t\t\t\t<h2 class=\"elementor-heading-title elementor-size-default\">picknicktr\u00e4ume &amp; Herzensmomente<\/h2>\t\t\t\t<\/div>\n\t\t\t\t<\/div>\n\t\t\t\t<div class=\"elementor-element elementor-element-a56e21d elementor-widget elementor-widget-heading\" data-id=\"a56e21d\" data-element_type=\"widget\" data-e-type=\"widget\" data-widget_type=\"heading.default\">\n\t\t\t\t<div class=\"elementor-widget-container\">\n\t\t\t\t\t<h2 class=\"elementor-heading-title elementor-size-default\">Fr\u00fchlingsminis<\/h2>\t\t\t\t<\/div>\n\t\t\t\t<\/div>\n\t\t\t\t\t<\/div>\n\t\t\t\t<\/div>\n\t\t<div class=\"elementor-element elementor-element-06751ef e-flex e-con-boxed e-con e-parent\" data-id=\"06751ef\" data-element_type=\"container\" data-e-type=\"container\">\n\t\t\t\t\t<div class=\"e-con-inner\">\n\t\t\t\t<div class=\"elementor-element elementor-element-db597c1 elementor-widget elementor-widget-image\" data-id=\"db597c1\" data-element_type=\"widget\" data-e-type=\"widget\" data-widget_type=\"image.default\">\n\t\t\t\t<div class=\"elementor-widget-container\">\n\t\t\t\t\t\t\t\t\t\t\t\t\t\t\t<img fetchpriority=\"high\" decoding=\"async\" width=\"240\" height=\"300\" src=\"https:\/\/www.lichtbilderliebe.de\/wp-content\/uploads\/2026\/02\/1-240x300.png\" class=\"attachment-medium size-medium wp-image-3406\" alt=\"\" srcset=\"https:\/\/www.lichtbilderliebe.de\/wp-content\/uploads\/2026\/02\/1-240x300.png 240w, https:\/\/www.lichtbilderliebe.de\/wp-content\/uploads\/2026\/02\/1-819x1024.png 819w, https:\/\/www.lichtbilderliebe.de\/wp-content\/uploads\/2026\/02\/1-768x960.png 768w, https:\/\/www.lichtbilderliebe.de\/wp-content\/uploads\/2026\/02\/1.png 1080w\" sizes=\"(max-width: 240px) 100vw, 240px\" \/>\t\t\t\t\t\t\t\t\t\t\t\t\t\t\t<\/div>\n\t\t\t\t<\/div>\n\t\t\t\t<div class=\"elementor-element elementor-element-3bb2ce1 elementor-widget__width-initial elementor-widget elementor-widget-text-editor\" data-id=\"3bb2ce1\" data-element_type=\"widget\" data-e-type=\"widget\" data-widget_type=\"text-editor.default\">\n\t\t\t\t<div class=\"elementor-widget-container\">\n\t\t\t\t\t\t\t\t\t<p>Der Fr\u00fchling ist die Jahreszeit der N\u00e4he.<br \/>Wenn die Sonne w\u00e4rmer wird, die Blumen bl\u00fchen und alles ein bisschen leichter scheint, entstehen die sch\u00f6nsten Momente ganz von selbst.<\/p><p>Genau diese Momente m\u00f6chte ich f\u00fcr euch festhalten. \ud83e\udd0d<\/p><p>Ob ihr als Familie kommt mit euren kleinen und gro\u00dfen Herzensmenschen.<br \/>Ob ihr als Paar eure gemeinsame Geschichte feiern m\u00f6chtet.<br \/>Oder ob ihr mit eurer besten Freundin, euren Herzensfreundinnen oder Lieblingsmenschen Erinnerungen schaffen wollt.<\/p><p>Dieses Shooting ist f\u00fcr euer <i>Wir<\/i>. \ud83e\udd0d<\/p><p>\ud83c\udf37 Stellt euch eine liebevoll gestaltete Picknick-Szenerie vor:<br \/>Blumen, weiche Decken, warmes Sonnenlicht, barfu\u00df im Gras, <br \/>ehrliche Umarmungen, echte N\u00e4he, innige Blicke.<\/p><p>Keine steifen Posen. Kein Druck.<br \/>Nur ihr \u2013 so wie ihr seid. \ud83e\udd0d<br \/><br \/><\/p><div><div><p><strong>Minishooting f\u00fcr 89\u20ac<\/strong><\/p><\/div><div><p>&#8211; 20-min\u00fctiges Fotoshooting<br \/>&#8211; Location im Landkreis Regensburg<br \/>&#8211; inklusive vier Bilddateien zum Download<\/p><\/div><\/div><p>Lasst uns gemeinsam Bilder erschaffen, die sich nicht nur sch\u00f6n ansehen, <br \/>sondern sich auch genauso anf\u00fchlen. \ud83c\udf37\ud83e\udd0d<\/p>\t\t\t\t\t\t\t\t<\/div>\n\t\t\t\t<\/div>\n\t\t\t\t<div class=\"elementor-element elementor-element-b382b7a elementor-align-center elementor-widget elementor-widget-button\" data-id=\"b382b7a\" data-element_type=\"widget\" data-e-type=\"widget\" data-widget_type=\"button.default\">\n\t\t\t\t<div class=\"elementor-widget-container\">\n\t\t\t\t\t\t\t\t\t<div class=\"elementor-button-wrapper\">\n\t\t\t\t\t<a class=\"elementor-button elementor-button-link elementor-size-sm\" href=\"https:\/\/calendly.com\/lichtbilderliebe\/fotoaktion\" target=\"_blank\" rel=\"noopener\">\n\t\t\t\t\t\t<span class=\"elementor-button-content-wrapper\">\n\t\t\t\t\t\t\t\t\t<span class=\"elementor-button-text\">HIER GEHT'S ZU DEINEM TERMIN<\/span>\n\t\t\t\t\t<\/span>\n\t\t\t\t\t<\/a>\n\t\t\t\t<\/div>\n\t\t\t\t\t\t\t\t<\/div>\n\t\t\t\t<\/div>\n\t\t\t\t\t<\/div>\n\t\t\t\t<\/div>\n\t\t<div class=\"elementor-element elementor-element-9d2d565 e-flex e-con-boxed e-con e-parent\" data-id=\"9d2d565\" data-element_type=\"container\" data-e-type=\"container\">\n\t\t\t\t\t<div class=\"e-con-inner\">\n\t\t\t\t<div class=\"elementor-element elementor-element-f5162b3 elementor-widget-divider--view-line elementor-widget elementor-widget-divider\" data-id=\"f5162b3\" data-element_type=\"widget\" data-e-type=\"widget\" data-widget_type=\"divider.default\">\n\t\t\t\t<div class=\"elementor-widget-container\">\n\t\t\t\t\t\t\t<div class=\"elementor-divider\">\n\t\t\t<span class=\"elementor-divider-separator\">\n\t\t\t\t\t\t<\/span>\n\t\t<\/div>\n\t\t\t\t\t\t<\/div>\n\t\t\t\t<\/div>\n\t\t\t\t<div class=\"elementor-element elementor-element-9810299 elementor-widget elementor-widget-heading\" data-id=\"9810299\" data-element_type=\"widget\" data-e-type=\"widget\" data-widget_type=\"heading.default\">\n\t\t\t\t<div class=\"elementor-widget-container\">\n\t\t\t\t\t<h2 class=\"elementor-heading-title elementor-size-default\">Fr\u00fchlingszauber im Osternest<\/h2>\t\t\t\t<\/div>\n\t\t\t\t<\/div>\n\t\t\t\t<div class=\"elementor-element elementor-element-448a23d elementor-widget elementor-widget-heading\" data-id=\"448a23d\" data-element_type=\"widget\" data-e-type=\"widget\" data-widget_type=\"heading.default\">\n\t\t\t\t<div class=\"elementor-widget-container\">\n\t\t\t\t\t<h2 class=\"elementor-heading-title elementor-size-default\">Osterminis<\/h2>\t\t\t\t<\/div>\n\t\t\t\t<\/div>\n\t\t\t\t<div class=\"elementor-element elementor-element-a1031bb elementor-widget elementor-widget-image\" data-id=\"a1031bb\" data-element_type=\"widget\" data-e-type=\"widget\" data-widget_type=\"image.default\">\n\t\t\t\t<div class=\"elementor-widget-container\">\n\t\t\t\t\t\t\t\t\t\t\t\t\t\t\t<img decoding=\"async\" width=\"240\" height=\"300\" src=\"https:\/\/www.lichtbilderliebe.de\/wp-content\/uploads\/2026\/02\/Oster-240x300.png\" class=\"attachment-medium size-medium wp-image-3411\" alt=\"\" srcset=\"https:\/\/www.lichtbilderliebe.de\/wp-content\/uploads\/2026\/02\/Oster-240x300.png 240w, https:\/\/www.lichtbilderliebe.de\/wp-content\/uploads\/2026\/02\/Oster-819x1024.png 819w, https:\/\/www.lichtbilderliebe.de\/wp-content\/uploads\/2026\/02\/Oster-768x960.png 768w, https:\/\/www.lichtbilderliebe.de\/wp-content\/uploads\/2026\/02\/Oster.png 1080w\" sizes=\"(max-width: 240px) 100vw, 240px\" \/>\t\t\t\t\t\t\t\t\t\t\t\t\t\t\t<\/div>\n\t\t\t\t<\/div>\n\t\t\t\t<div class=\"elementor-element elementor-element-26de4ef elementor-widget__width-initial elementor-widget elementor-widget-text-editor\" data-id=\"26de4ef\" data-element_type=\"widget\" data-e-type=\"widget\" data-widget_type=\"text-editor.default\">\n\t\t\t\t<div class=\"elementor-widget-container\">\n\t\t\t\t\t\t\t\t\t<p>Der Fr\u00fchling steht vor der T\u00fcr \u2013 die perfekte Zeit f\u00fcr frische, helle Familienbilder in der Natur!<\/p><p>Meine diesj\u00e4hrigen <b>Osterminishootings finden drau\u00dfen statt<\/b>,<br \/>in wundersch\u00f6ner Fr\u00fchlingskulisse mit zarten Farben, weichem Licht <br \/>und ganz bewusst <b>minimalistischer, stilvoller Osterdeko<\/b>.<br \/>Kein \u00fcberladenes Set \u2013 sondern nat\u00fcrliche Momente, echte Emotionen und ganz viel N\u00e4he.<\/p><p>Ob mit euren Kindern beim Entdecken kleiner Osterdetails, beim Kuscheln im <br \/>Fr\u00fchlingslicht oder beim gemeinsamen Lachen \u2013 ich halte eure Erinnerungen in einer ruhigen, harmonischen Atmosph\u00e4re fest.<\/p><p><b>Das erwartet euch:<\/b><br \/>\ud83c\udf3f Outdoor-Location mit nat\u00fcrlicher Fr\u00fchlingskulisse<br \/>\ud83d\udc30 Dezente, hochwertige Osterakzente<br \/>\ud83d\udcf8 Kurzes &amp; entspanntes Minishooting<br \/>\ud83d\udc9b Liebevoll bearbeitete Bildauswahl<br \/>\ud83d\udc68\u200d\ud83d\udc69\u200d\ud83d\udc67\u200d\ud83d\udc66 Perfekt f\u00fcr Familien, Geschwister &amp; kleine Entdecker<\/p><p>\u00a0<\/p><p>Wenn ihr euch nat\u00fcrliche, zeitlose Osterbilder w\u00fcnscht, <br \/>die nicht nach \u201eStudio-Deko\u201c, sondern nach echtem Fr\u00fchling aussehen,<br \/>dann seid ihr hier genau richtig.\ud83d\udc30<\/p><p>\u00a0<\/p><div><div><p><strong>Minishooting f\u00fcr 89\u20ac<br \/><\/strong>&#8211; 20-min\u00fctiges Fotoshooting<br \/>&#8211; Location im Landkreis Regensburg<br \/>&#8211; inklusive vier Bilddateien zum Download<\/p><p>Die Pl\u00e4tze sind wie immer limitiert.<\/p><\/div><\/div>\t\t\t\t\t\t\t\t<\/div>\n\t\t\t\t<\/div>\n\t\t\t\t<div class=\"elementor-element elementor-element-bf456d9 elementor-align-center elementor-widget elementor-widget-button\" data-id=\"bf456d9\" data-element_type=\"widget\" data-e-type=\"widget\" data-widget_type=\"button.default\">\n\t\t\t\t<div class=\"elementor-widget-container\">\n\t\t\t\t\t\t\t\t\t<div class=\"elementor-button-wrapper\">\n\t\t\t\t\t<a class=\"elementor-button elementor-button-link elementor-size-sm\" href=\"https:\/\/calendly.com\/lichtbilderliebe_familienfotografie\/minishooting\" target=\"_blank\" rel=\"noopener\">\n\t\t\t\t\t\t<span class=\"elementor-button-content-wrapper\">\n\t\t\t\t\t\t\t\t\t<span class=\"elementor-button-text\">HIER GEHT'S ZU DEINEM TERMIN<\/span>\n\t\t\t\t\t<\/span>\n\t\t\t\t\t<\/a>\n\t\t\t\t<\/div>\n\t\t\t\t\t\t\t\t<\/div>\n\t\t\t\t<\/div>\n\t\t\t\t\t<\/div>\n\t\t\t\t<\/div>\n\t\t<div class=\"elementor-element elementor-element-bd3b042 e-flex e-con-boxed e-con e-parent\" data-id=\"bd3b042\" data-element_type=\"container\" data-e-type=\"container\">\n\t\t\t\t\t<div class=\"e-con-inner\">\n\t\t\t\t<div class=\"elementor-element elementor-element-f7bc0a3 elementor-widget-divider--view-line elementor-widget elementor-widget-divider\" data-id=\"f7bc0a3\" data-element_type=\"widget\" data-e-type=\"widget\" data-widget_type=\"divider.default\">\n\t\t\t\t<div class=\"elementor-widget-container\">\n\t\t\t\t\t\t\t<div class=\"elementor-divider\">\n\t\t\t<span class=\"elementor-divider-separator\">\n\t\t\t\t\t\t<\/span>\n\t\t<\/div>\n\t\t\t\t\t\t<\/div>\n\t\t\t\t<\/div>\n\t\t\t\t<div class=\"elementor-element elementor-element-1c98cbd elementor-widget elementor-widget-heading\" data-id=\"1c98cbd\" data-element_type=\"widget\" data-e-type=\"widget\" data-widget_type=\"heading.default\">\n\t\t\t\t<div class=\"elementor-widget-container\">\n\t\t\t\t\t<h2 class=\"elementor-heading-title elementor-size-default\">bleibende Erinnerungen verschenken<\/h2>\t\t\t\t<\/div>\n\t\t\t\t<\/div>\n\t\t\t\t<div class=\"elementor-element elementor-element-96ea0df elementor-widget elementor-widget-heading\" data-id=\"96ea0df\" data-element_type=\"widget\" data-e-type=\"widget\" data-widget_type=\"heading.default\">\n\t\t\t\t<div class=\"elementor-widget-container\">\n\t\t\t\t\t<h2 class=\"elementor-heading-title elementor-size-default\">Gutscheine<\/h2>\t\t\t\t<\/div>\n\t\t\t\t<\/div>\n\t\t\t\t<div class=\"elementor-element elementor-element-93d8287 elementor-widget elementor-widget-image\" data-id=\"93d8287\" data-element_type=\"widget\" data-e-type=\"widget\" data-widget_type=\"image.default\">\n\t\t\t\t<div class=\"elementor-widget-container\">\n\t\t\t\t\t\t\t\t\t\t\t\t\t\t\t<img decoding=\"async\" width=\"236\" height=\"300\" src=\"https:\/\/www.lichtbilderliebe.de\/wp-content\/uploads\/2025\/03\/Bild-19-236x300.jpg\" class=\"attachment-medium size-medium wp-image-3153\" alt=\"ein Gutschein f\u00fcr ein Fotoshooting sch\u00f6n dekoriert\" srcset=\"https:\/\/www.lichtbilderliebe.de\/wp-content\/uploads\/2025\/03\/Bild-19-236x300.jpg 236w, https:\/\/www.lichtbilderliebe.de\/wp-content\/uploads\/2025\/03\/Bild-19-805x1024.jpg 805w, https:\/\/www.lichtbilderliebe.de\/wp-content\/uploads\/2025\/03\/Bild-19-768x976.jpg 768w, https:\/\/www.lichtbilderliebe.de\/wp-content\/uploads\/2025\/03\/Bild-19-1208x1536.jpg 1208w, https:\/\/www.lichtbilderliebe.de\/wp-content\/uploads\/2025\/03\/Bild-19-1611x2048.jpg 1611w, https:\/\/www.lichtbilderliebe.de\/wp-content\/uploads\/2025\/03\/Bild-19-scaled.jpg 2014w\" sizes=\"(max-width: 236px) 100vw, 236px\" \/>\t\t\t\t\t\t\t\t\t\t\t\t\t\t\t<\/div>\n\t\t\t\t<\/div>\n\t\t\t\t<div class=\"elementor-element elementor-element-267682b elementor-widget__width-initial elementor-widget elementor-widget-text-editor\" data-id=\"267682b\" data-element_type=\"widget\" data-e-type=\"widget\" data-widget_type=\"text-editor.default\">\n\t\t\t\t<div class=\"elementor-widget-container\">\n\t\t\t\t\t\t\t\t\t<p>Du bist auf der Suche nach einem <strong>Geschenk<\/strong> zur Geburt, zum Geburtstag, zum Hochzeitstag oder einem anderen Anlass? <br \/>Dann ist ein Gutschein das perfekte Geschenk &#8211; damit verschenkst du <strong>bleibende Erinnerungen<\/strong>, gemeinsame Zeit und schaffst <strong>besondere Momente f\u00fcr die Ewigkeit<\/strong>. Du kannst den Betrag frei bestimmen oder ein Shootingpaket ausw\u00e4hlen!<\/p>\t\t\t\t\t\t\t\t<\/div>\n\t\t\t\t<\/div>\n\t\t\t\t<div class=\"elementor-element elementor-element-59ccbf7 elementor-align-center elementor-widget elementor-widget-button\" data-id=\"59ccbf7\" data-element_type=\"widget\" data-e-type=\"widget\" data-widget_type=\"button.default\">\n\t\t\t\t<div class=\"elementor-widget-container\">\n\t\t\t\t\t\t\t\t\t<div class=\"elementor-button-wrapper\">\n\t\t\t\t\t<a class=\"elementor-button elementor-button-link elementor-size-sm\" href=\"https:\/\/www.lichtbilderliebe.de\/?page_id=27\">\n\t\t\t\t\t\t<span class=\"elementor-button-content-wrapper\">\n\t\t\t\t\t\t\t\t\t<span class=\"elementor-button-text\">verschenke Erinnerungen.<\/span>\n\t\t\t\t\t<\/span>\n\t\t\t\t\t<\/a>\n\t\t\t\t<\/div>\n\t\t\t\t\t\t\t\t<\/div>\n\t\t\t\t<\/div>\n\t\t\t\t\t<\/div>\n\t\t\t\t<\/div>\n\t\t\t\t<\/div>\n\t\t","protected":false},"excerpt":{"rendered":"<p>Shootingaktionen \/ gutscheine picknicktr\u00e4ume &amp; Herzensmomente Fr\u00fchlingsminis Der Fr\u00fchling ist die Jahreszeit der N\u00e4he.Wenn die Sonne w\u00e4rmer wird, die Blumen bl\u00fchen und alles ein bisschen leichter scheint, entstehen die sch\u00f6nsten Momente ganz von selbst. Genau diese Momente m\u00f6chte ich f\u00fcr euch festhalten. \ud83e\udd0d Ob ihr als Familie kommt mit euren kleinen und gro\u00dfen Herzensmenschen.Ob ihr [&hellip;]<\/p>\n","protected":false},"author":1,"featured_media":0,"parent":0,"menu_order":0,"comment_status":"closed","ping_status":"closed","template":"","meta":{"_monsterinsights_skip_tracking":false,"_monsterinsights_sitenote_active":false,"_monsterinsights_sitenote_note":"","_monsterinsights_sitenote_category":0,"ocean_post_layout":"full-screen","ocean_both_sidebars_style":"","ocean_both_sidebars_content_width":0,"ocean_both_sidebars_sidebars_width":0,"ocean_sidebar":"","ocean_second_sidebar":"","ocean_disable_margins":"enable","ocean_add_body_class":"","ocean_shortcode_before_top_bar":"","ocean_shortcode_after_top_bar":"","ocean_shortcode_before_header":"","ocean_shortcode_after_header":"","ocean_has_shortcode":"","ocean_shortcode_after_title":"","ocean_shortcode_before_footer_widgets":"","ocean_shortcode_after_footer_widgets":"","ocean_shortcode_before_footer_bottom":"","ocean_shortcode_after_footer_bottom":"","ocean_display_top_bar":"off","ocean_display_header":"default","ocean_header_style":"","ocean_center_header_left_menu":"","ocean_custom_header_template":"","ocean_custom_logo":0,"ocean_custom_retina_logo":0,"ocean_custom_logo_max_width":0,"ocean_custom_logo_tablet_max_width":0,"ocean_custom_logo_mobile_max_width":0,"ocean_custom_logo_max_height":0,"ocean_custom_logo_tablet_max_height":0,"ocean_custom_logo_mobile_max_height":0,"ocean_header_custom_menu":"","ocean_menu_typo_font_family":"","ocean_menu_typo_font_subset":"","ocean_menu_typo_font_size":0,"ocean_menu_typo_font_size_tablet":0,"ocean_menu_typo_font_size_mobile":0,"ocean_menu_typo_font_size_unit":"px","ocean_menu_typo_font_weight":"","ocean_menu_typo_font_weight_tablet":"","ocean_menu_typo_font_weight_mobile":"","ocean_menu_typo_transform":"","ocean_menu_typo_transform_tablet":"","ocean_menu_typo_transform_mobile":"","ocean_menu_typo_line_height":0,"ocean_menu_typo_line_height_tablet":0,"ocean_menu_typo_line_height_mobile":0,"ocean_menu_typo_line_height_unit":"","ocean_menu_typo_spacing":0,"ocean_menu_typo_spacing_tablet":0,"ocean_menu_typo_spacing_mobile":0,"ocean_menu_typo_spacing_unit":"","ocean_menu_link_color":"","ocean_menu_link_color_hover":"","ocean_menu_link_color_active":"","ocean_menu_link_background":"","ocean_menu_link_hover_background":"","ocean_menu_link_active_background":"","ocean_menu_social_links_bg":"","ocean_menu_social_hover_links_bg":"","ocean_menu_social_links_color":"","ocean_menu_social_hover_links_color":"","ocean_disable_title":"on","ocean_disable_heading":"default","ocean_post_title":"","ocean_post_subheading":"","ocean_post_title_style":"","ocean_post_title_background_color":"","ocean_post_title_background":0,"ocean_post_title_bg_image_position":"","ocean_post_title_bg_image_attachment":"","ocean_post_title_bg_image_repeat":"","ocean_post_title_bg_image_size":"","ocean_post_title_height":0,"ocean_post_title_bg_overlay":0.5,"ocean_post_title_bg_overlay_color":"","ocean_disable_breadcrumbs":"default","ocean_breadcrumbs_color":"","ocean_breadcrumbs_separator_color":"","ocean_breadcrumbs_links_color":"","ocean_breadcrumbs_links_hover_color":"","ocean_display_footer_widgets":"off","ocean_display_footer_bottom":"default","ocean_custom_footer_template":"","footnotes":""},"class_list":["post-39","page","type-page","status-publish","hentry","entry"],"_links":{"self":[{"href":"https:\/\/www.lichtbilderliebe.de\/index.php?rest_route=\/wp\/v2\/pages\/39","targetHints":{"allow":["GET"]}}],"collection":[{"href":"https:\/\/www.lichtbilderliebe.de\/index.php?rest_route=\/wp\/v2\/pages"}],"about":[{"href":"https:\/\/www.lichtbilderliebe.de\/index.php?rest_route=\/wp\/v2\/types\/page"}],"author":[{"embeddable":true,"href":"https:\/\/www.lichtbilderliebe.de\/index.php?rest_route=\/wp\/v2\/users\/1"}],"replies":[{"embeddable":true,"href":"https:\/\/www.lichtbilderliebe.de\/index.php?rest_route=%2Fwp%2Fv2%2Fcomments&post=39"}],"version-history":[{"count":138,"href":"https:\/\/www.lichtbilderliebe.de\/index.php?rest_route=\/wp\/v2\/pages\/39\/revisions"}],"predecessor-version":[{"id":3420,"href":"https:\/\/www.lichtbilderliebe.de\/index.php?rest_route=\/wp\/v2\/pages\/39\/revisions\/3420"}],"wp:attachment":[{"href":"https:\/\/www.lichtbilderliebe.de\/index.php?rest_route=%2Fwp%2Fv2%2Fmedia&parent=39"}],"curies":[{"name":"wp","href":"https:\/\/api.w.org\/{rel}","templated":true}]}}