{"id":2918,"date":"2024-10-02T16:28:31","date_gmt":"2024-10-02T14:28:31","guid":{"rendered":"https:\/\/www.lichtbilderliebe.de\/?page_id=2918"},"modified":"2025-11-10T18:31:35","modified_gmt":"2025-11-10T17:31:35","slug":"paarshooting","status":"publish","type":"page","link":"https:\/\/www.lichtbilderliebe.de\/?page_id=2918","title":{"rendered":"Paarshooting"},"content":{"rendered":"\t\t<div data-elementor-type=\"wp-page\" data-elementor-id=\"2918\" class=\"elementor elementor-2918\">\n\t\t\t\t<div class=\"elementor-element elementor-element-e306381 e-flex e-con-boxed e-con e-parent\" data-id=\"e306381\" data-element_type=\"container\" data-e-type=\"container\" data-settings=\"{&quot;background_background&quot;:&quot;classic&quot;}\">\n\t\t\t\t\t<div class=\"e-con-inner\">\n\t\t\t\t<div class=\"elementor-element elementor-element-924b262 elementor-widget elementor-widget-heading\" data-id=\"924b262\" data-element_type=\"widget\" data-e-type=\"widget\" data-widget_type=\"heading.default\">\n\t\t\t\t<div class=\"elementor-widget-container\">\n\t\t\t\t\t<h2 class=\"elementor-heading-title elementor-size-default\">eure Liebe und Verbundenheit sichtbar machen<\/h2>\t\t\t\t<\/div>\n\t\t\t\t<\/div>\n\t\t\t\t<div class=\"elementor-element elementor-element-7e0d951 elementor-widget__width-inherit elementor-widget elementor-widget-heading\" data-id=\"7e0d951\" data-element_type=\"widget\" data-e-type=\"widget\" data-widget_type=\"heading.default\">\n\t\t\t\t<div class=\"elementor-widget-container\">\n\t\t\t\t\t<h1 class=\"elementor-heading-title elementor-size-default\">Paarshooting<\/h1>\t\t\t\t<\/div>\n\t\t\t\t<\/div>\n\t\t\t\t\t<\/div>\n\t\t\t\t<\/div>\n\t\t<div class=\"elementor-element elementor-element-93085fb e-flex e-con-boxed e-con e-parent\" data-id=\"93085fb\" data-element_type=\"container\" data-e-type=\"container\">\n\t\t\t\t\t<div class=\"e-con-inner\">\n\t\t\t\t<div class=\"elementor-element elementor-element-32297f0 elementor-arrows-position-inside elementor-pagination-position-outside elementor-widget elementor-widget-image-carousel\" data-id=\"32297f0\" data-element_type=\"widget\" data-e-type=\"widget\" data-settings=\"{&quot;slides_to_show&quot;:&quot;3&quot;,&quot;navigation&quot;:&quot;both&quot;,&quot;autoplay&quot;:&quot;yes&quot;,&quot;pause_on_hover&quot;:&quot;yes&quot;,&quot;pause_on_interaction&quot;:&quot;yes&quot;,&quot;autoplay_speed&quot;:5000,&quot;infinite&quot;:&quot;yes&quot;,&quot;speed&quot;:500}\" data-widget_type=\"image-carousel.default\">\n\t\t\t\t<div class=\"elementor-widget-container\">\n\t\t\t\t\t\t\t<div class=\"elementor-image-carousel-wrapper swiper\" role=\"region\" aria-roledescription=\"carousel\" aria-label=\"Bild Karussell\" dir=\"ltr\">\n\t\t\t<div class=\"elementor-image-carousel swiper-wrapper\" aria-live=\"off\">\n\t\t\t\t\t\t\t\t<div class=\"swiper-slide\" role=\"group\" aria-roledescription=\"slide\" aria-label=\"1 von 8\"><figure class=\"swiper-slide-inner\"><img decoding=\"async\" class=\"swiper-slide-image\" src=\"https:\/\/www.lichtbilderliebe.de\/wp-content\/uploads\/2025\/11\/Bild-4-1-240x300.jpg\" alt=\"Bild-4\" \/><\/figure><\/div><div class=\"swiper-slide\" role=\"group\" aria-roledescription=\"slide\" aria-label=\"2 von 8\"><figure class=\"swiper-slide-inner\"><img decoding=\"async\" class=\"swiper-slide-image\" src=\"https:\/\/www.lichtbilderliebe.de\/wp-content\/uploads\/2025\/11\/Bild-7-240x300.jpg\" alt=\"Bild-7\" \/><\/figure><\/div><div class=\"swiper-slide\" role=\"group\" aria-roledescription=\"slide\" aria-label=\"3 von 8\"><figure class=\"swiper-slide-inner\"><img decoding=\"async\" class=\"swiper-slide-image\" src=\"https:\/\/www.lichtbilderliebe.de\/wp-content\/uploads\/2025\/11\/Bild-6-1-240x300.jpg\" alt=\"Bild-6\" \/><\/figure><\/div><div class=\"swiper-slide\" role=\"group\" aria-roledescription=\"slide\" aria-label=\"4 von 8\"><figure class=\"swiper-slide-inner\"><img decoding=\"async\" class=\"swiper-slide-image\" src=\"https:\/\/www.lichtbilderliebe.de\/wp-content\/uploads\/2025\/05\/Bild-8-200x300.jpg\" alt=\"Bild-8\" \/><\/figure><\/div><div class=\"swiper-slide\" role=\"group\" aria-roledescription=\"slide\" aria-label=\"5 von 8\"><figure class=\"swiper-slide-inner\"><img decoding=\"async\" class=\"swiper-slide-image\" src=\"https:\/\/www.lichtbilderliebe.de\/wp-content\/uploads\/2024\/10\/Bild-6-1-240x300.jpg\" alt=\"Bild-6\" \/><\/figure><\/div><div class=\"swiper-slide\" role=\"group\" aria-roledescription=\"slide\" aria-label=\"6 von 8\"><figure class=\"swiper-slide-inner\"><img decoding=\"async\" class=\"swiper-slide-image\" src=\"https:\/\/www.lichtbilderliebe.de\/wp-content\/uploads\/2024\/11\/Bild-4-240x300.jpg\" alt=\"Bild-4\" \/><\/figure><\/div><div class=\"swiper-slide\" role=\"group\" aria-roledescription=\"slide\" aria-label=\"7 von 8\"><figure class=\"swiper-slide-inner\"><img decoding=\"async\" class=\"swiper-slide-image\" src=\"https:\/\/www.lichtbilderliebe.de\/wp-content\/uploads\/2024\/11\/Bild-6-240x300.jpg\" alt=\"Bild-6\" \/><\/figure><\/div><div class=\"swiper-slide\" role=\"group\" aria-roledescription=\"slide\" aria-label=\"8 von 8\"><figure class=\"swiper-slide-inner\"><img decoding=\"async\" class=\"swiper-slide-image\" src=\"https:\/\/www.lichtbilderliebe.de\/wp-content\/uploads\/2024\/11\/Bild-3-240x300.jpg\" alt=\"Bild-3\" \/><\/figure><\/div>\t\t\t<\/div>\n\t\t\t\t\t\t\t\t\t\t\t\t<div class=\"elementor-swiper-button elementor-swiper-button-prev\" role=\"button\" tabindex=\"0\">\n\t\t\t\t\t\t<svg aria-hidden=\"true\" class=\"e-font-icon-svg e-eicon-chevron-left\" viewBox=\"0 0 1000 1000\" xmlns=\"http:\/\/www.w3.org\/2000\/svg\"><path d=\"M646 125C629 125 613 133 604 142L308 442C296 454 292 471 292 487 292 504 296 521 308 533L604 854C617 867 629 875 646 875 663 875 679 871 692 858 704 846 713 829 713 812 713 796 708 779 692 767L438 487 692 225C700 217 708 204 708 187 708 171 704 154 692 142 675 129 663 125 646 125Z\"><\/path><\/svg>\t\t\t\t\t<\/div>\n\t\t\t\t\t<div class=\"elementor-swiper-button elementor-swiper-button-next\" role=\"button\" tabindex=\"0\">\n\t\t\t\t\t\t<svg aria-hidden=\"true\" class=\"e-font-icon-svg e-eicon-chevron-right\" viewBox=\"0 0 1000 1000\" xmlns=\"http:\/\/www.w3.org\/2000\/svg\"><path d=\"M696 533C708 521 713 504 713 487 713 471 708 454 696 446L400 146C388 133 375 125 354 125 338 125 325 129 313 142 300 154 292 171 292 187 292 204 296 221 308 233L563 492 304 771C292 783 288 800 288 817 288 833 296 850 308 863 321 871 338 875 354 875 371 875 388 867 400 854L696 533Z\"><\/path><\/svg>\t\t\t\t\t<\/div>\n\t\t\t\t\n\t\t\t\t\t\t\t\t\t<div class=\"swiper-pagination\"><\/div>\n\t\t\t\t\t\t\t\t\t<\/div>\n\t\t\t\t\t\t<\/div>\n\t\t\t\t<\/div>\n\t\t\t\t<div class=\"elementor-element elementor-element-bae794f elementor-widget-divider--view-line elementor-widget elementor-widget-divider\" data-id=\"bae794f\" data-element_type=\"widget\" data-e-type=\"widget\" data-widget_type=\"divider.default\">\n\t\t\t\t<div class=\"elementor-widget-container\">\n\t\t\t\t\t\t\t<div class=\"elementor-divider\">\n\t\t\t<span class=\"elementor-divider-separator\">\n\t\t\t\t\t\t<\/span>\n\t\t<\/div>\n\t\t\t\t\t\t<\/div>\n\t\t\t\t<\/div>\n\t\t\t\t\t<\/div>\n\t\t\t\t<\/div>\n\t\t<div class=\"elementor-element elementor-element-3543c41 e-flex e-con-boxed e-con e-parent\" data-id=\"3543c41\" data-element_type=\"container\" data-e-type=\"container\">\n\t\t\t\t\t<div class=\"e-con-inner\">\n\t\t<div class=\"elementor-element elementor-element-5cceb85 e-con-full e-flex e-con e-child\" data-id=\"5cceb85\" data-element_type=\"container\" data-e-type=\"container\">\n\t\t\t\t<div class=\"elementor-element elementor-element-593460f elementor-widget elementor-widget-image\" data-id=\"593460f\" data-element_type=\"widget\" data-e-type=\"widget\" data-widget_type=\"image.default\">\n\t\t\t\t<div class=\"elementor-widget-container\">\n\t\t\t\t\t\t\t\t\t\t\t\t\t\t\t<img fetchpriority=\"high\" decoding=\"async\" width=\"768\" height=\"960\" src=\"https:\/\/www.lichtbilderliebe.de\/wp-content\/uploads\/2025\/11\/Bild-2-1-768x960.jpg\" class=\"attachment-medium_large size-medium_large wp-image-3367\" alt=\"\" srcset=\"https:\/\/www.lichtbilderliebe.de\/wp-content\/uploads\/2025\/11\/Bild-2-1-768x960.jpg 768w, https:\/\/www.lichtbilderliebe.de\/wp-content\/uploads\/2025\/11\/Bild-2-1-240x300.jpg 240w, https:\/\/www.lichtbilderliebe.de\/wp-content\/uploads\/2025\/11\/Bild-2-1-819x1024.jpg 819w, https:\/\/www.lichtbilderliebe.de\/wp-content\/uploads\/2025\/11\/Bild-2-1-1229x1536.jpg 1229w, https:\/\/www.lichtbilderliebe.de\/wp-content\/uploads\/2025\/11\/Bild-2-1-1638x2048.jpg 1638w, https:\/\/www.lichtbilderliebe.de\/wp-content\/uploads\/2025\/11\/Bild-2-1-scaled.jpg 2048w\" sizes=\"(max-width: 768px) 100vw, 768px\" \/>\t\t\t\t\t\t\t\t\t\t\t\t\t\t\t<\/div>\n\t\t\t\t<\/div>\n\t\t\t\t<\/div>\n\t\t<div class=\"elementor-element elementor-element-a1dd6db e-con-full e-flex e-con e-child\" data-id=\"a1dd6db\" data-element_type=\"container\" data-e-type=\"container\">\n\t\t<div class=\"elementor-element elementor-element-cadb8ad e-flex e-con-boxed e-con e-child\" data-id=\"cadb8ad\" data-element_type=\"container\" data-e-type=\"container\">\n\t\t\t\t\t<div class=\"e-con-inner\">\n\t\t\t\t<div class=\"elementor-element elementor-element-cd18b94 elementor-widget elementor-widget-heading\" data-id=\"cd18b94\" data-element_type=\"widget\" data-e-type=\"widget\" data-widget_type=\"heading.default\">\n\t\t\t\t<div class=\"elementor-widget-container\">\n\t\t\t\t\t<h2 class=\"elementor-heading-title elementor-size-default\">Paarfotos<\/h2>\t\t\t\t<\/div>\n\t\t\t\t<\/div>\n\t\t\t\t\t<\/div>\n\t\t\t\t<\/div>\n\t\t<div class=\"elementor-element elementor-element-abb241e e-flex e-con-boxed e-con e-child\" data-id=\"abb241e\" data-element_type=\"container\" data-e-type=\"container\">\n\t\t\t\t\t<div class=\"e-con-inner\">\n\t\t\t\t<div class=\"elementor-element elementor-element-0046566 elementor-widget elementor-widget-text-editor\" data-id=\"0046566\" data-element_type=\"widget\" data-e-type=\"widget\" data-widget_type=\"text-editor.default\">\n\t\t\t\t<div class=\"elementor-widget-container\">\n\t\t\t\t\t\t\t\t\t<p>Egal, ob frisch verliebt oder schon viele Jahre zusammen &#8211; es gibt kaum etwas Sch\u00f6neres, als die <strong>einzigartige Verbindung<\/strong> und Liebe zwischen zwei Menschen festzuhalten. Jede Beziehung hat ihre eigenen besonderen Momente und gro\u00dfe Emotionen. <span style=\"font-size: 16px;\">Mein Ziel ist es, diese <\/span><strong style=\"font-size: 16px;\">Emotionen<\/strong><span style=\"font-size: 16px;\"> und kleine Gesten <\/span><strong style=\"font-size: 16px;\">einzufangen<\/strong><span style=\"font-size: 16px;\">, die im Alltag oft untergehen. Sei es ein zarter Kuss, eine liebevolle Ber\u00fchrung, ein L\u00e4cheln, eine Umarmung oder ein verschmitzter Blick. \u00a0Paarfotos geben euch die M\u00f6glichkeit, eure Liebe f\u00fcr die Ewigkeit festzuhalten und <strong>eure individuelle Liebesgeschichte<\/strong> zu erz\u00e4hlen &#8211; authentisch, emotional und zeitlos.\u00a0<\/span><\/p>\t\t\t\t\t\t\t\t<\/div>\n\t\t\t\t<\/div>\n\t\t\t\t\t<\/div>\n\t\t\t\t<\/div>\n\t\t\t\t<\/div>\n\t\t\t\t\t<\/div>\n\t\t\t\t<\/div>\n\t\t<div class=\"elementor-element elementor-element-5e9f70c e-flex e-con-boxed e-con e-parent\" data-id=\"5e9f70c\" data-element_type=\"container\" data-e-type=\"container\">\n\t\t\t\t\t<div class=\"e-con-inner\">\n\t\t\t\t<div class=\"elementor-element elementor-element-bd1a89c elementor-widget-divider--view-line elementor-widget elementor-widget-divider\" data-id=\"bd1a89c\" data-element_type=\"widget\" data-e-type=\"widget\" data-widget_type=\"divider.default\">\n\t\t\t\t<div class=\"elementor-widget-container\">\n\t\t\t\t\t\t\t<div class=\"elementor-divider\">\n\t\t\t<span class=\"elementor-divider-separator\">\n\t\t\t\t\t\t<\/span>\n\t\t<\/div>\n\t\t\t\t\t\t<\/div>\n\t\t\t\t<\/div>\n\t\t\t\t\t<\/div>\n\t\t\t\t<\/div>\n\t\t<div class=\"elementor-element elementor-element-8d288c0 e-flex e-con-boxed e-con e-parent\" data-id=\"8d288c0\" data-element_type=\"container\" data-e-type=\"container\">\n\t\t\t\t\t<div class=\"e-con-inner\">\n\t\t<div class=\"elementor-element elementor-element-b17b48f e-con-full e-flex e-con e-child\" data-id=\"b17b48f\" data-element_type=\"container\" data-e-type=\"container\">\n\t\t\t\t<div class=\"elementor-element elementor-element-1f67f63 elementor-widget elementor-widget-heading\" data-id=\"1f67f63\" data-element_type=\"widget\" data-e-type=\"widget\" data-widget_type=\"heading.default\">\n\t\t\t\t<div class=\"elementor-widget-container\">\n\t\t\t\t\t<h2 class=\"elementor-heading-title elementor-size-default\">Ablauf des paarshootings<\/h2>\t\t\t\t<\/div>\n\t\t\t\t<\/div>\n\t\t\t\t<div class=\"elementor-element elementor-element-ef39012 elementor-widget elementor-widget-text-editor\" data-id=\"ef39012\" data-element_type=\"widget\" data-e-type=\"widget\" data-widget_type=\"text-editor.default\">\n\t\t\t\t<div class=\"elementor-widget-container\">\n\t\t\t\t\t\t\t\t\t<p>1. Wir <strong>vereinbaren einen Termin<\/strong>, der vor f\u00fcr euch am Besten in euren Alltag passt und bei dem wir eine Atmosph\u00e4re schaffen k\u00f6nnen, die frei von Stress und Druck ist. Das Licht ist morgens und abends f\u00fcr ein Fotoshooting am Besten.<\/p><p>2. Gemeinsam besprechen wir eure Vorstellungen der Paarfotos und \u00fcberlegen, wie wir diese umsetzen k\u00f6nnen. Entsprechend w\u00e4hlen wir dann die <strong>passende Location<\/strong> f\u00fcr das Paarshooting aus. Das Shooting kann bei euch zu Hause oder drau\u00dfen in der Natur stattfinden.\u00a0<\/p><p>3. Das Fotoshooting dauert je nach gebuchtem Paket<strong> 30 \u2013 90 Minuten<\/strong>. So bleibt auch Zeit, um die Location oder das Outfit zu wechseln und kleine Pausen einzulegen. Mir ist es wichtig, dass wir eine unbeschwerte Zeit verbringen k\u00f6nnen, um wundervolle Paarfotos kreieren zu k\u00f6nnen.\u00a0<\/p><p>4. Nach unserem Paarshooting bearbeite ich die <strong>besten Bilder<\/strong> liebevoll in meinem Stil. Ihr bekommt eure ausgew\u00e4hlten Fotos hochaufl\u00f6send und ohne Wasserzeichen zum Download <strong>in einer Online-Galerie<\/strong>.<\/p>\t\t\t\t\t\t\t\t<\/div>\n\t\t\t\t<\/div>\n\t\t\t\t<\/div>\n\t\t<div class=\"elementor-element elementor-element-74e5f64 e-con-full e-flex e-con e-child\" data-id=\"74e5f64\" data-element_type=\"container\" data-e-type=\"container\">\n\t\t\t\t<div class=\"elementor-element elementor-element-a615fee elementor-widget elementor-widget-image\" data-id=\"a615fee\" data-element_type=\"widget\" data-e-type=\"widget\" data-widget_type=\"image.default\">\n\t\t\t\t<div class=\"elementor-widget-container\">\n\t\t\t\t\t\t\t\t\t\t\t\t\t\t\t<img decoding=\"async\" width=\"768\" height=\"960\" src=\"https:\/\/www.lichtbilderliebe.de\/wp-content\/uploads\/2024\/10\/Bild-9-1-768x960.jpg\" class=\"attachment-medium_large size-medium_large wp-image-2925\" alt=\"\" srcset=\"https:\/\/www.lichtbilderliebe.de\/wp-content\/uploads\/2024\/10\/Bild-9-1-768x960.jpg 768w, https:\/\/www.lichtbilderliebe.de\/wp-content\/uploads\/2024\/10\/Bild-9-1-240x300.jpg 240w, https:\/\/www.lichtbilderliebe.de\/wp-content\/uploads\/2024\/10\/Bild-9-1-819x1024.jpg 819w, https:\/\/www.lichtbilderliebe.de\/wp-content\/uploads\/2024\/10\/Bild-9-1-1229x1536.jpg 1229w, https:\/\/www.lichtbilderliebe.de\/wp-content\/uploads\/2024\/10\/Bild-9-1-1638x2048.jpg 1638w, https:\/\/www.lichtbilderliebe.de\/wp-content\/uploads\/2024\/10\/Bild-9-1.jpg 1728w\" sizes=\"(max-width: 768px) 100vw, 768px\" \/>\t\t\t\t\t\t\t\t\t\t\t\t\t\t\t<\/div>\n\t\t\t\t<\/div>\n\t\t\t\t<\/div>\n\t\t\t\t\t<\/div>\n\t\t\t\t<\/div>\n\t\t<div class=\"elementor-element elementor-element-8acdc4f e-flex e-con-boxed e-con e-parent\" data-id=\"8acdc4f\" data-element_type=\"container\" data-e-type=\"container\">\n\t\t\t\t\t<div class=\"e-con-inner\">\n\t\t\t\t<div class=\"elementor-element elementor-element-509537e elementor-widget-divider--view-line elementor-widget elementor-widget-divider\" data-id=\"509537e\" data-element_type=\"widget\" data-e-type=\"widget\" data-widget_type=\"divider.default\">\n\t\t\t\t<div class=\"elementor-widget-container\">\n\t\t\t\t\t\t\t<div class=\"elementor-divider\">\n\t\t\t<span class=\"elementor-divider-separator\">\n\t\t\t\t\t\t<\/span>\n\t\t<\/div>\n\t\t\t\t\t\t<\/div>\n\t\t\t\t<\/div>\n\t\t\t\t\t<\/div>\n\t\t\t\t<\/div>\n\t\t<div class=\"elementor-element elementor-element-f384b8f e-flex e-con-boxed e-con e-parent\" data-id=\"f384b8f\" data-element_type=\"container\" data-e-type=\"container\">\n\t\t\t\t\t<div class=\"e-con-inner\">\n\t\t<div class=\"elementor-element elementor-element-237a170 e-con-full e-flex e-con e-child\" data-id=\"237a170\" data-element_type=\"container\" data-e-type=\"container\">\n\t\t\t\t<div class=\"elementor-element elementor-element-b275bd2 elementor-widget elementor-widget-image\" data-id=\"b275bd2\" data-element_type=\"widget\" data-e-type=\"widget\" data-widget_type=\"image.default\">\n\t\t\t\t<div class=\"elementor-widget-container\">\n\t\t\t\t\t\t\t\t\t\t\t\t\t\t\t<img decoding=\"async\" width=\"768\" height=\"960\" src=\"https:\/\/www.lichtbilderliebe.de\/wp-content\/uploads\/2024\/11\/Bild-6-768x960.jpg\" class=\"attachment-medium_large size-medium_large wp-image-3027\" alt=\"\" srcset=\"https:\/\/www.lichtbilderliebe.de\/wp-content\/uploads\/2024\/11\/Bild-6-768x960.jpg 768w, https:\/\/www.lichtbilderliebe.de\/wp-content\/uploads\/2024\/11\/Bild-6-240x300.jpg 240w, https:\/\/www.lichtbilderliebe.de\/wp-content\/uploads\/2024\/11\/Bild-6-819x1024.jpg 819w, https:\/\/www.lichtbilderliebe.de\/wp-content\/uploads\/2024\/11\/Bild-6-1229x1536.jpg 1229w, https:\/\/www.lichtbilderliebe.de\/wp-content\/uploads\/2024\/11\/Bild-6-1638x2048.jpg 1638w, https:\/\/www.lichtbilderliebe.de\/wp-content\/uploads\/2024\/11\/Bild-6-scaled.jpg 2048w\" sizes=\"(max-width: 768px) 100vw, 768px\" \/>\t\t\t\t\t\t\t\t\t\t\t\t\t\t\t<\/div>\n\t\t\t\t<\/div>\n\t\t\t\t<\/div>\n\t\t<div class=\"elementor-element elementor-element-0d570cc e-con-full e-flex e-con e-child\" data-id=\"0d570cc\" data-element_type=\"container\" data-e-type=\"container\">\n\t\t\t\t<div class=\"elementor-element elementor-element-f012957 elementor-widget elementor-widget-heading\" data-id=\"f012957\" data-element_type=\"widget\" data-e-type=\"widget\" data-widget_type=\"heading.default\">\n\t\t\t\t<div class=\"elementor-widget-container\">\n\t\t\t\t\t<h2 class=\"elementor-heading-title elementor-size-default\">Allgemeines \u00fcber das Paarshooting<\/h2>\t\t\t\t<\/div>\n\t\t\t\t<\/div>\n\t\t\t\t<div class=\"elementor-element elementor-element-59d6a53 elementor-widget elementor-widget-text-editor\" data-id=\"59d6a53\" data-element_type=\"widget\" data-e-type=\"widget\" data-widget_type=\"text-editor.default\">\n\t\t\t\t<div class=\"elementor-widget-container\">\n\t\t\t\t\t\t\t\t\t<p>1. F\u00fcr <strong>authentische, nat\u00fcrliche und lebendige<\/strong> Paarfotos, d\u00fcrfen beim Fotoshooting <strong>Spa\u00df, Freude und &#8222;schmusen&#8220;<\/strong> nicht zu kurz kommen. Wir gestalten unsere gemeinsame Zeit so, dass ihr euch fallen lassen und mich ausblenden k\u00f6nnt. Ihr d\u00fcrft einfach ganz ihr selbst sein.\u00a0<\/p><p>2. Das Shooting kann an eurem <strong>Lieblingsplatz<\/strong> stattfinden oder wir finden gemeinsam eine passende <strong>Location<\/strong>. Bei Shootings in der Natur oder im \u00f6ffentlichen Raum lege ich Wert darauf, dass wir ungest\u00f6rt sein k\u00f6nnen.<\/p><p>3. Damit die Bilder harmonisch aussehen, gibt es bei der <strong>Wahl des Outfits<\/strong> einiges zu beachten. Stimmt die Outfits aufeinander ab, w\u00e4hlt warme\/erdige Farben und vermeidet gro\u00dfe Aufdrucke\/Muster. Ansonsten gilt: Zieht das an, worin ihr euch wohl und nicht verkleidet f\u00fchlt. Gerne unterst\u00fctze ich euch bei der Wahl des richtigen Outfits.\u00a0<\/p><p>4. Es regnet am <strong>Shootingtag<\/strong>? Kein Problem, denn auch bei etwas Regen k\u00f6nnen wir wundervolle Fotos machen. Sollte das Wetter ein Shooting unm\u00f6glich machen, verschieben wir den Termin oder shooten bei euch zu Hause.<\/p>\t\t\t\t\t\t\t\t<\/div>\n\t\t\t\t<\/div>\n\t\t\t\t<\/div>\n\t\t\t\t\t<\/div>\n\t\t\t\t<\/div>\n\t\t<div class=\"elementor-element elementor-element-d1ff72a e-flex e-con-boxed e-con e-parent\" data-id=\"d1ff72a\" data-element_type=\"container\" data-e-type=\"container\">\n\t\t\t\t\t<div class=\"e-con-inner\">\n\t\t\t\t<div class=\"elementor-element elementor-element-43f1973 elementor-widget-divider--view-line elementor-widget elementor-widget-divider\" data-id=\"43f1973\" data-element_type=\"widget\" data-e-type=\"widget\" data-widget_type=\"divider.default\">\n\t\t\t\t<div class=\"elementor-widget-container\">\n\t\t\t\t\t\t\t<div class=\"elementor-divider\">\n\t\t\t<span class=\"elementor-divider-separator\">\n\t\t\t\t\t\t<\/span>\n\t\t<\/div>\n\t\t\t\t\t\t<\/div>\n\t\t\t\t<\/div>\n\t\t\t\t<div class=\"elementor-element elementor-element-b27ae6e elementor-widget__width-initial elementor-widget elementor-widget-text-editor\" data-id=\"b27ae6e\" data-element_type=\"widget\" data-e-type=\"widget\" data-widget_type=\"text-editor.default\">\n\t\t\t\t<div class=\"elementor-widget-container\">\n\t\t\t\t\t\t\t\t\t<p>Ihr m\u00f6chtet eure Liebe in einzigartigen Fotos festhalten?<br \/><strong>Hier geht es zu euren Paarfotos:<\/strong><\/p>\t\t\t\t\t\t\t\t<\/div>\n\t\t\t\t<\/div>\n\t\t\t\t<div class=\"elementor-element elementor-element-68f2b7d elementor-align-center elementor-widget elementor-widget-button\" data-id=\"68f2b7d\" data-element_type=\"widget\" data-e-type=\"widget\" data-widget_type=\"button.default\">\n\t\t\t\t<div class=\"elementor-widget-container\">\n\t\t\t\t\t\t\t\t\t<div class=\"elementor-button-wrapper\">\n\t\t\t\t\t<a class=\"elementor-button elementor-button-link elementor-size-sm\" href=\"https:\/\/www.lichtbilderliebe.de\/?page_id=27\">\n\t\t\t\t\t\t<span class=\"elementor-button-content-wrapper\">\n\t\t\t\t\t\t\t\t\t<span class=\"elementor-button-text\">Termin vereinbaren.<\/span>\n\t\t\t\t\t<\/span>\n\t\t\t\t\t<\/a>\n\t\t\t\t<\/div>\n\t\t\t\t\t\t\t\t<\/div>\n\t\t\t\t<\/div>\n\t\t\t\t\t<\/div>\n\t\t\t\t<\/div>\n\t\t\t\t<\/div>\n\t\t","protected":false},"excerpt":{"rendered":"<p>eure Liebe und Verbundenheit sichtbar machen Paarshooting Paarfotos Egal, ob frisch verliebt oder schon viele Jahre zusammen &#8211; es gibt kaum etwas Sch\u00f6neres, als die einzigartige Verbindung und Liebe zwischen zwei Menschen festzuhalten. Jede Beziehung hat ihre eigenen besonderen Momente und gro\u00dfe Emotionen. Mein Ziel ist es, diese Emotionen und kleine Gesten einzufangen, die im [&hellip;]<\/p>\n","protected":false},"author":1,"featured_media":0,"parent":0,"menu_order":0,"comment_status":"closed","ping_status":"closed","template":"","meta":{"_monsterinsights_skip_tracking":false,"_monsterinsights_sitenote_active":false,"_monsterinsights_sitenote_note":"","_monsterinsights_sitenote_category":0,"ocean_post_layout":"full-screen","ocean_both_sidebars_style":"","ocean_both_sidebars_content_width":0,"ocean_both_sidebars_sidebars_width":0,"ocean_sidebar":"","ocean_second_sidebar":"","ocean_disable_margins":"on","ocean_add_body_class":"","ocean_shortcode_before_top_bar":"","ocean_shortcode_after_top_bar":"","ocean_shortcode_before_header":"","ocean_shortcode_after_header":"","ocean_has_shortcode":"","ocean_shortcode_after_title":"","ocean_shortcode_before_footer_widgets":"","ocean_shortcode_after_footer_widgets":"","ocean_shortcode_before_footer_bottom":"","ocean_shortcode_after_footer_bottom":"","ocean_display_top_bar":"off","ocean_display_header":"default","ocean_header_style":"","ocean_center_header_left_menu":"","ocean_custom_header_template":"","ocean_custom_logo":0,"ocean_custom_retina_logo":0,"ocean_custom_logo_max_width":0,"ocean_custom_logo_tablet_max_width":0,"ocean_custom_logo_mobile_max_width":0,"ocean_custom_logo_max_height":0,"ocean_custom_logo_tablet_max_height":0,"ocean_custom_logo_mobile_max_height":0,"ocean_header_custom_menu":"","ocean_menu_typo_font_family":"","ocean_menu_typo_font_subset":"","ocean_menu_typo_font_size":0,"ocean_menu_typo_font_size_tablet":0,"ocean_menu_typo_font_size_mobile":0,"ocean_menu_typo_font_size_unit":"px","ocean_menu_typo_font_weight":"","ocean_menu_typo_font_weight_tablet":"","ocean_menu_typo_font_weight_mobile":"","ocean_menu_typo_transform":"","ocean_menu_typo_transform_tablet":"","ocean_menu_typo_transform_mobile":"","ocean_menu_typo_line_height":0,"ocean_menu_typo_line_height_tablet":0,"ocean_menu_typo_line_height_mobile":0,"ocean_menu_typo_line_height_unit":"","ocean_menu_typo_spacing":0,"ocean_menu_typo_spacing_tablet":0,"ocean_menu_typo_spacing_mobile":0,"ocean_menu_typo_spacing_unit":"","ocean_menu_link_color":"","ocean_menu_link_color_hover":"","ocean_menu_link_color_active":"","ocean_menu_link_background":"","ocean_menu_link_hover_background":"","ocean_menu_link_active_background":"","ocean_menu_social_links_bg":"","ocean_menu_social_hover_links_bg":"","ocean_menu_social_links_color":"","ocean_menu_social_hover_links_color":"","ocean_disable_title":"on","ocean_disable_heading":"default","ocean_post_title":"","ocean_post_subheading":"","ocean_post_title_style":"","ocean_post_title_background_color":"","ocean_post_title_background":0,"ocean_post_title_bg_image_position":"","ocean_post_title_bg_image_attachment":"","ocean_post_title_bg_image_repeat":"","ocean_post_title_bg_image_size":"","ocean_post_title_height":0,"ocean_post_title_bg_overlay":0.5,"ocean_post_title_bg_overlay_color":"","ocean_disable_breadcrumbs":"default","ocean_breadcrumbs_color":"","ocean_breadcrumbs_separator_color":"","ocean_breadcrumbs_links_color":"","ocean_breadcrumbs_links_hover_color":"","ocean_display_footer_widgets":"off","ocean_display_footer_bottom":"default","ocean_custom_footer_template":"","footnotes":""},"class_list":["post-2918","page","type-page","status-publish","hentry","entry"],"_links":{"self":[{"href":"https:\/\/www.lichtbilderliebe.de\/index.php?rest_route=\/wp\/v2\/pages\/2918","targetHints":{"allow":["GET"]}}],"collection":[{"href":"https:\/\/www.lichtbilderliebe.de\/index.php?rest_route=\/wp\/v2\/pages"}],"about":[{"href":"https:\/\/www.lichtbilderliebe.de\/index.php?rest_route=\/wp\/v2\/types\/page"}],"author":[{"embeddable":true,"href":"https:\/\/www.lichtbilderliebe.de\/index.php?rest_route=\/wp\/v2\/users\/1"}],"replies":[{"embeddable":true,"href":"https:\/\/www.lichtbilderliebe.de\/index.php?rest_route=%2Fwp%2Fv2%2Fcomments&post=2918"}],"version-history":[{"count":26,"href":"https:\/\/www.lichtbilderliebe.de\/index.php?rest_route=\/wp\/v2\/pages\/2918\/revisions"}],"predecessor-version":[{"id":3380,"href":"https:\/\/www.lichtbilderliebe.de\/index.php?rest_route=\/wp\/v2\/pages\/2918\/revisions\/3380"}],"wp:attachment":[{"href":"https:\/\/www.lichtbilderliebe.de\/index.php?rest_route=%2Fwp%2Fv2%2Fmedia&parent=2918"}],"curies":[{"name":"wp","href":"https:\/\/api.w.org\/{rel}","templated":true}]}}