{"id":239,"date":"2024-03-22T21:26:01","date_gmt":"2024-03-22T20:26:01","guid":{"rendered":"http:\/\/192.168.178.44\/?page_id=239"},"modified":"2024-08-26T16:49:36","modified_gmt":"2024-08-26T14:49:36","slug":"agb","status":"publish","type":"page","link":"https:\/\/www.lichtbilderliebe.de\/?page_id=239","title":{"rendered":"AGB"},"content":{"rendered":"\t\t<div data-elementor-type=\"wp-page\" data-elementor-id=\"239\" class=\"elementor elementor-239\">\n\t\t\t\t<div class=\"elementor-element elementor-element-27a7fc5 e-con-full e-flex e-con e-parent\" data-id=\"27a7fc5\" data-element_type=\"container\" data-e-type=\"container\">\n\t\t\t\t<div class=\"elementor-element elementor-element-e40b757 elementor-widget__width-initial elementor-widget elementor-widget-text-editor\" data-id=\"e40b757\" data-element_type=\"widget\" data-e-type=\"widget\" data-widget_type=\"text-editor.default\">\n\t\t\t\t<div class=\"elementor-widget-container\">\n\t\t\t\t\t\t\t\t\t<h1><strong>ALLGEMEINE GESCH\u00c4FTSBEDINGUNGEN<\/strong><\/h1><h1>AGB DIENSTLEISTUNGEN<\/h1><h3><strong>\u00a7 1 ALLGEMEINES<\/strong><\/h3><p>(1) Die nachfolgenden allgemeinen Gesch\u00e4ftsbedingungen (AGB) gelten f\u00fcr alle von Lichtbilderliebe durchgef\u00fchrten Auftr\u00e4ge, Angebote, Lieferungen und Leistungen. Die AGB dienen der Regelung und Klarstellung einiger Inhalte des Auftragsverh\u00e4ltnisses, welches sich im \u00dcbrigen nach dem Inhalt des einzelnen Auftrages bestimmt. Die Vertragsparteien sind sich einig, dass ausschlie\u00dflich die vorliegenden AGB des Auftragnehmers gelten sollen. Etwaige Gesch\u00e4ftsbedingungen des Auftraggebers finden keine Anwendung. Von diesen AGB abweichende Vereinbarungen bed\u00fcrfen der Schriftform und m\u00fcssen als solche ausdr\u00fccklich gekennzeichnet sein. Haben die Vertragsparteien abweichende Vereinbarungen getroffen, so gehen diese den vorliegenden AGB vor.<br \/>(2) Der Auftragnehmer kann die Auftr\u00e4ge, Angebote, Lieferungen und Leistungen selbst oder durch Dritte durchf\u00fchren lassen.<br \/>(3) \u201cFotografien\u201d im Sinne dieser AGB sind alle vom Auftragnehmer hergestellten Produkte, gleich in welcher technischen Form oder in welchem Medium sie erstellt wurden oder vorliegen (Papierbilder, Bilder auf Leinwand, Bilder in digitalisierter Form auf CD\/DVD oder sonstigen Speichermedien, Dia Positive, Negative usw.).<br \/>(4) Der Auftragnehmer ist bez\u00fcglich der Bildauffassung sowie der k\u00fcnstlerisch technischen Gestaltung zu jeder Zeit frei. Diesbez\u00fcgliche Reklamationen sind ausgeschlossen.<br \/>(5) Grundlage f\u00fcr den Vertrag ist das jeweilige Angebot vom Auftragnehmer, in dem alle vereinbarten Leistungen sowie die Verg\u00fctung festgeschrieben werden. Diese Angebote vom Auftragnehmer sind freibleibend und unverbindlich.<br \/>(6) Der Vertrag kommt mit der schriftlichen oder elektronischen Best\u00e4tigung des Angebotes oder Zusendung des Auftrages zustande.<\/p><h3><strong>\u00a7 2 NUTZUNGS- UND URHEBERRECHT<\/strong><\/h3><p>(1) Dem Auftragnehmer steht das ausschlie\u00dfliche Urheberrecht an allen im Rahmen des jeweiligen Auftrages gefertigten Fotografien zu.<br \/>(2) Der Auftragnehmer \u00fcbertr\u00e4gt jeweils ein einfaches Nutzungsrecht an den Fotografien auf den Auftraggeber. Dieses beinhaltet ausschlie\u00dflich die private, nicht kommerzielle Nutzung. Die Vervielf\u00e4ltigung und Weitergabe an Dritte f\u00fcr private Zwecke ist erlaubt.<br \/>(3) Eine kommerzielle\/gewerbliche Nutzung der Fotografien im Nachhinein \u2013 gleich welcher Form vorliegend \u2013 durch den Auftraggeber selbst oder durch Dritte, kann nur mit vorhergehender schriftlicher Zustimmung des Auftragnehmers erfolgen. Dies gilt auch f\u00fcr Fotografien, welche durch den Auftraggeber oder durch Dritte digital oder anderweitig ver\u00e4ndert bzw. verfremdet wurden.<br \/>(4) Die Nutzungsrechte an den Fotografien gehen erst nach vollst\u00e4ndiger Bezahlung des vereinbarten Honorars auf den Auftraggeber \u00fcber.<br \/>(5) Erteilt der Auftragnehmer an den Auftraggeber die Genehmigung zu einer Verwertung der Fotografien, so wird hiermit ausdr\u00fccklich verlangt, als Urheber der Fotografien genannt zu werden. Macht er von diesem Recht Gebrauch, so berechtigt die Verletzung des Rechts auf Namensnennung den Auftragnehmer zum Schadensersatz.<br \/>(6) Der Auftraggeber erh\u00e4lt ausschlie\u00dflich bearbeitetes hochaufl\u00f6sendes Bildmaterial im Format JPEG. Die Abgabe von unbearbeiteten Rohdaten ist gegen ein vorher vereinbartes Entgeld m\u00f6glich. Die Aufbewahrung der digitalen Bilddaten ist nicht Teil des Auftrags. Die Aufbewahrung erfolgt demnach ohne Gew\u00e4hr.<br \/>(7) Der Auftragnehmer darf die Bilder im Rahmen seiner Eigenwerbung und publizistisch zur Illustration verwenden (z.B. f\u00fcr Ausstellungen, Messen, Homepage, Blog, Fachmagazine, etc.)<br \/>(8) Bei einem Widerruf werden die ver\u00f6ffentlichen Fotos von der Webseite und aus den sozialen Medien entfernt und das Shooting muss zu dem aktuell geltenden Preis bezahlt werden. Ich behalte mir weitere Nutzungsentsch\u00e4digungen vor.<br \/>(9) Individuelle Abweichungen der Nutzungs- und Urheberrechte m\u00fcssen schriftlich vereinbart werden.\u00a0<\/p><h3><strong>\u00a73 VERG\u00dcTUNG<\/strong><\/h3><p>(1) F\u00fcr die Herstellung der Fotografien wird ein Honorar als vereinbarte Pauschale berechnet. Nebenkosten (wie z.B. Reisekosten) werden gesondert abgesprochen und vom Auftraggeber getragen.<br \/>(2) F\u00e4llige Rechnungen sind innerhalb von 14 Tagen ohne Abzug zu zahlen. Bis zur vollst\u00e4ndigen Bezahlung des Rechnungsbetrages bleiben die gelieferten Fotos Eigentum des Auftragnehmers.<br \/>(3) W\u00fcnscht der Auftraggeber eine Verl\u00e4ngerung oder wird die vorgesehene Zeit f\u00fcr die Aufnahmearbeiten aus Gr\u00fcnden, die der Auftragnehmer nicht zu vertreten hat, \u00fcberschritten, so erh\u00e4lt der Auftragnehmer hierf\u00fcr den Stundensatz von 100\u20ac je angefangene Stunde.<br \/>(4) Tritt der Auftraggeber \u00a0weniger als 2 Monate vor dem vereinbarten Termin vom Vertrag zur\u00fcck, so steht dem Fotograf \/ der Fotografin 30% des vereinbarten Honorars als Ausfallhonorar zu. Gesetzliche R\u00fccktrittsrechte bleiben von dieser Regelung unber\u00fchrt.<\/p><h3><strong>\u00a7 4 HAFTUNG \/ GEFAHR\u00dcBERGANG<\/strong><\/h3><p>(1) F\u00fcr Sch\u00e4den, gleich welcher Art, anl\u00e4sslich der Vertragserf\u00fcllung haftet der Auftragnehmer f\u00fcr sich und seine Erf\u00fcllungsgehilfen nur bei Vorsatz oder grober Fahrl\u00e4ssigkeit.<br \/>(2) F\u00fcr Sch\u00e4den oder Verlust der Fotografien haftet der Auftragnehmer nur bei Vorsatz oder grober Fahrl\u00e4ssigkeit.<br \/>(3) F\u00fcr Sch\u00e4den, M\u00e4ngel oder Verlust durch Subunternehmer oder Lieferanten, welche Ihre Leistungen auf eigene Rechnung erstellen, ist eine Haftung des Auftragnehmers ausgeschlossen.<br \/>(4) Liefertermine f\u00fcr Fotos sind nur dann verbindlich, wenn sie ausdr\u00fccklich von dem Auftragnehmer best\u00e4tigt worden sind. Der Auftragnehmer haftet f\u00fcr Frist\u00fcberschreitung nur bei Vorsatz oder grober Fahrl\u00e4ssigkeit.<br \/>(5) Die Organisation und Vergabe von Buchungen, als auch die Ausf\u00fchrung erfolgt mit gr\u00f6\u00dfter Sorgfalt. Sollte jedoch auf Grund von Umst\u00e4nden, die der Auftragnehmer nicht zu vertreten hat (z.B. pl\u00f6tzliche Krankheit, Verkehrsunfall, Umwelteinfl\u00fcssen, Verkehrsst\u00f6rungen etc.) kein Fotograf zu dem vereinbarten Fototermin erscheinen bzw. zu sp\u00e4t eintreffen, kann keine Haftung f\u00fcr jegliche daraus resultierenden Sch\u00e4den oder Folgen \u00fcbernommen werden. In diesem Falle wird sich dringend um einen Ersatzfotografen bem\u00fcht.<br \/>(6) Beanstandungen gleich welcher Art m\u00fcssen innerhalb von 7 Tagen nach Ablieferung der Fotografien beim Auftragnehmer eingegangen sein. Nach Ablauf der Frist gelten die Fotografien als vertragsgem\u00e4\u00df und mangelfrei angenommen.<\/p><h3><strong>\u00a7 5 DATENSCHUTZ<\/strong><\/h3><p>Der Auftraggeber erkl\u00e4rt sich einverstanden, dass seine zum Gesch\u00e4ftsverkehr erforderlichen, personenbezogenen Daten gespeichert werden. Der Auftragnehmer verpflichtet sich, alle ihm im Rahmen des Auftrages bekannt gewordenen Informationen vertraulich zu behandeln. Daten werden nicht an Dritte weitergegeben, es sei denn, dies ist zur Durchf\u00fchrung des Auftrages erforderlich.<br \/>Stand 15.03.2024<\/p>\t\t\t\t\t\t\t\t<\/div>\n\t\t\t\t<\/div>\n\t\t\t\t<\/div>\n\t\t\t\t<\/div>\n\t\t","protected":false},"excerpt":{"rendered":"<p>ALLGEMEINE GESCH\u00c4FTSBEDINGUNGEN AGB DIENSTLEISTUNGEN \u00a7 1 ALLGEMEINES (1) Die nachfolgenden allgemeinen Gesch\u00e4ftsbedingungen (AGB) gelten f\u00fcr alle von Lichtbilderliebe durchgef\u00fchrten Auftr\u00e4ge, Angebote, Lieferungen und Leistungen. Die AGB dienen der Regelung und Klarstellung einiger Inhalte des Auftragsverh\u00e4ltnisses, welches sich im \u00dcbrigen nach dem Inhalt des einzelnen Auftrages bestimmt. Die Vertragsparteien sind sich einig, dass ausschlie\u00dflich die vorliegenden [&hellip;]<\/p>\n","protected":false},"author":1,"featured_media":0,"parent":0,"menu_order":0,"comment_status":"closed","ping_status":"closed","template":"","meta":{"_monsterinsights_skip_tracking":false,"_monsterinsights_sitenote_active":false,"_monsterinsights_sitenote_note":"","_monsterinsights_sitenote_category":0,"ocean_post_layout":"full-screen","ocean_both_sidebars_style":"","ocean_both_sidebars_content_width":0,"ocean_both_sidebars_sidebars_width":0,"ocean_sidebar":"","ocean_second_sidebar":"","ocean_disable_margins":"enable","ocean_add_body_class":"","ocean_shortcode_before_top_bar":"","ocean_shortcode_after_top_bar":"","ocean_shortcode_before_header":"","ocean_shortcode_after_header":"","ocean_has_shortcode":"","ocean_shortcode_after_title":"","ocean_shortcode_before_footer_widgets":"","ocean_shortcode_after_footer_widgets":"","ocean_shortcode_before_footer_bottom":"","ocean_shortcode_after_footer_bottom":"","ocean_display_top_bar":"off","ocean_display_header":"default","ocean_header_style":"","ocean_center_header_left_menu":"","ocean_custom_header_template":"","ocean_custom_logo":0,"ocean_custom_retina_logo":0,"ocean_custom_logo_max_width":0,"ocean_custom_logo_tablet_max_width":0,"ocean_custom_logo_mobile_max_width":0,"ocean_custom_logo_max_height":0,"ocean_custom_logo_tablet_max_height":0,"ocean_custom_logo_mobile_max_height":0,"ocean_header_custom_menu":"","ocean_menu_typo_font_family":"","ocean_menu_typo_font_subset":"","ocean_menu_typo_font_size":0,"ocean_menu_typo_font_size_tablet":0,"ocean_menu_typo_font_size_mobile":0,"ocean_menu_typo_font_size_unit":"px","ocean_menu_typo_font_weight":"","ocean_menu_typo_font_weight_tablet":"","ocean_menu_typo_font_weight_mobile":"","ocean_menu_typo_transform":"","ocean_menu_typo_transform_tablet":"","ocean_menu_typo_transform_mobile":"","ocean_menu_typo_line_height":0,"ocean_menu_typo_line_height_tablet":0,"ocean_menu_typo_line_height_mobile":0,"ocean_menu_typo_line_height_unit":"","ocean_menu_typo_spacing":0,"ocean_menu_typo_spacing_tablet":0,"ocean_menu_typo_spacing_mobile":0,"ocean_menu_typo_spacing_unit":"","ocean_menu_link_color":"","ocean_menu_link_color_hover":"","ocean_menu_link_color_active":"","ocean_menu_link_background":"","ocean_menu_link_hover_background":"","ocean_menu_link_active_background":"","ocean_menu_social_links_bg":"","ocean_menu_social_hover_links_bg":"","ocean_menu_social_links_color":"","ocean_menu_social_hover_links_color":"","ocean_disable_title":"on","ocean_disable_heading":"on","ocean_post_title":"","ocean_post_subheading":"","ocean_post_title_style":"","ocean_post_title_background_color":"","ocean_post_title_background":0,"ocean_post_title_bg_image_position":"","ocean_post_title_bg_image_attachment":"","ocean_post_title_bg_image_repeat":"","ocean_post_title_bg_image_size":"","ocean_post_title_height":0,"ocean_post_title_bg_overlay":0.5,"ocean_post_title_bg_overlay_color":"","ocean_disable_breadcrumbs":"default","ocean_breadcrumbs_color":"","ocean_breadcrumbs_separator_color":"","ocean_breadcrumbs_links_color":"","ocean_breadcrumbs_links_hover_color":"","ocean_display_footer_widgets":"default","ocean_display_footer_bottom":"default","ocean_custom_footer_template":"","footnotes":""},"class_list":["post-239","page","type-page","status-publish","hentry","entry"],"_links":{"self":[{"href":"https:\/\/www.lichtbilderliebe.de\/index.php?rest_route=\/wp\/v2\/pages\/239","targetHints":{"allow":["GET"]}}],"collection":[{"href":"https:\/\/www.lichtbilderliebe.de\/index.php?rest_route=\/wp\/v2\/pages"}],"about":[{"href":"https:\/\/www.lichtbilderliebe.de\/index.php?rest_route=\/wp\/v2\/types\/page"}],"author":[{"embeddable":true,"href":"https:\/\/www.lichtbilderliebe.de\/index.php?rest_route=\/wp\/v2\/users\/1"}],"replies":[{"embeddable":true,"href":"https:\/\/www.lichtbilderliebe.de\/index.php?rest_route=%2Fwp%2Fv2%2Fcomments&post=239"}],"version-history":[{"count":23,"href":"https:\/\/www.lichtbilderliebe.de\/index.php?rest_route=\/wp\/v2\/pages\/239\/revisions"}],"predecessor-version":[{"id":2885,"href":"https:\/\/www.lichtbilderliebe.de\/index.php?rest_route=\/wp\/v2\/pages\/239\/revisions\/2885"}],"wp:attachment":[{"href":"https:\/\/www.lichtbilderliebe.de\/index.php?rest_route=%2Fwp%2Fv2%2Fmedia&parent=239"}],"curies":[{"name":"wp","href":"https:\/\/api.w.org\/{rel}","templated":true}]}}