{"id":1700,"date":"2024-05-21T19:50:12","date_gmt":"2024-05-21T17:50:12","guid":{"rendered":"https:\/\/www.lichtbilderliebe.de\/?page_id=1700"},"modified":"2025-05-03T12:48:26","modified_gmt":"2025-05-03T10:48:26","slug":"newbornshooting","status":"publish","type":"page","link":"https:\/\/www.lichtbilderliebe.de\/?page_id=1700","title":{"rendered":"Newbornshooting"},"content":{"rendered":"\t\t<div data-elementor-type=\"wp-page\" data-elementor-id=\"1700\" class=\"elementor elementor-1700\">\n\t\t\t\t<div class=\"elementor-element elementor-element-a83ca47 e-con-full e-flex e-con e-parent\" data-id=\"a83ca47\" data-element_type=\"container\" data-e-type=\"container\" data-settings=\"{&quot;background_background&quot;:&quot;classic&quot;}\">\n\t\t\t\t<div class=\"elementor-element elementor-element-6713390 elementor-widget elementor-widget-heading\" data-id=\"6713390\" data-element_type=\"widget\" data-e-type=\"widget\" data-widget_type=\"heading.default\">\n\t\t\t\t<div class=\"elementor-widget-container\">\n\t\t\t\t\t<h2 class=\"elementor-heading-title elementor-size-default\">den Neugeborenenzauber festhalten<\/h2>\t\t\t\t<\/div>\n\t\t\t\t<\/div>\n\t\t\t\t<div class=\"elementor-element elementor-element-76fd602 elementor-widget elementor-widget-heading\" data-id=\"76fd602\" data-element_type=\"widget\" data-e-type=\"widget\" data-widget_type=\"heading.default\">\n\t\t\t\t<div class=\"elementor-widget-container\">\n\t\t\t\t\t<h1 class=\"elementor-heading-title elementor-size-default\">Newbornshooting<\/h1>\t\t\t\t<\/div>\n\t\t\t\t<\/div>\n\t\t\t\t<\/div>\n\t\t<div class=\"elementor-element elementor-element-30c1c49 e-flex e-con-boxed e-con e-parent\" data-id=\"30c1c49\" data-element_type=\"container\" data-e-type=\"container\">\n\t\t\t\t\t<div class=\"e-con-inner\">\n\t\t\t\t<div class=\"elementor-element elementor-element-6e1393c elementor-arrows-position-inside elementor-pagination-position-outside elementor-widget elementor-widget-image-carousel\" data-id=\"6e1393c\" data-element_type=\"widget\" data-e-type=\"widget\" data-settings=\"{&quot;slides_to_show&quot;:&quot;3&quot;,&quot;navigation&quot;:&quot;both&quot;,&quot;autoplay&quot;:&quot;yes&quot;,&quot;pause_on_hover&quot;:&quot;yes&quot;,&quot;pause_on_interaction&quot;:&quot;yes&quot;,&quot;autoplay_speed&quot;:5000,&quot;infinite&quot;:&quot;yes&quot;,&quot;speed&quot;:500}\" data-widget_type=\"image-carousel.default\">\n\t\t\t\t<div class=\"elementor-widget-container\">\n\t\t\t\t\t\t\t<div class=\"elementor-image-carousel-wrapper swiper\" role=\"region\" aria-roledescription=\"carousel\" aria-label=\"Bild Karussell\" dir=\"ltr\">\n\t\t\t<div class=\"elementor-image-carousel swiper-wrapper\" aria-live=\"off\">\n\t\t\t\t\t\t\t\t<div class=\"swiper-slide\" role=\"group\" aria-roledescription=\"slide\" aria-label=\"1 von 8\"><figure class=\"swiper-slide-inner\"><img decoding=\"async\" class=\"swiper-slide-image\" src=\"https:\/\/www.lichtbilderliebe.de\/wp-content\/uploads\/2024\/12\/Bild-10-240x300.jpg\" alt=\"Bild-10\" \/><\/figure><\/div><div class=\"swiper-slide\" role=\"group\" aria-roledescription=\"slide\" aria-label=\"2 von 8\"><figure class=\"swiper-slide-inner\"><img decoding=\"async\" class=\"swiper-slide-image\" src=\"https:\/\/www.lichtbilderliebe.de\/wp-content\/uploads\/2024\/12\/Bild-8-240x300.jpg\" alt=\"Bild-8\" \/><\/figure><\/div><div class=\"swiper-slide\" role=\"group\" aria-roledescription=\"slide\" aria-label=\"3 von 8\"><figure class=\"swiper-slide-inner\"><img decoding=\"async\" class=\"swiper-slide-image\" src=\"https:\/\/www.lichtbilderliebe.de\/wp-content\/uploads\/2024\/08\/M22A6201-scaled.jpg\" alt=\"\" \/><\/figure><\/div><div class=\"swiper-slide\" role=\"group\" aria-roledescription=\"slide\" aria-label=\"4 von 8\"><figure class=\"swiper-slide-inner\"><img decoding=\"async\" class=\"swiper-slide-image\" src=\"https:\/\/www.lichtbilderliebe.de\/wp-content\/uploads\/2024\/08\/M22A5567-scaled.jpg\" alt=\"\" \/><\/figure><\/div><div class=\"swiper-slide\" role=\"group\" aria-roledescription=\"slide\" aria-label=\"5 von 8\"><figure class=\"swiper-slide-inner\"><img decoding=\"async\" class=\"swiper-slide-image\" src=\"https:\/\/www.lichtbilderliebe.de\/wp-content\/uploads\/2024\/06\/M22A2233-240x300.jpg\" alt=\"Die Mutter kuschelt ihr Baby nah an sich.\" \/><\/figure><\/div><div class=\"swiper-slide\" role=\"group\" aria-roledescription=\"slide\" aria-label=\"6 von 8\"><figure class=\"swiper-slide-inner\"><img decoding=\"async\" class=\"swiper-slide-image\" src=\"https:\/\/www.lichtbilderliebe.de\/wp-content\/uploads\/2024\/06\/M22A2469-240x300.jpg\" alt=\"Die Mutter h\u00e4lt das Baby am Arm und die Eltern lachen es an.\" \/><\/figure><\/div><div class=\"swiper-slide\" role=\"group\" aria-roledescription=\"slide\" aria-label=\"7 von 8\"><figure class=\"swiper-slide-inner\"><img decoding=\"async\" class=\"swiper-slide-image\" src=\"https:\/\/www.lichtbilderliebe.de\/wp-content\/uploads\/2024\/06\/M22A2477-scaled.jpg\" alt=\"\" \/><\/figure><\/div><div class=\"swiper-slide\" role=\"group\" aria-roledescription=\"slide\" aria-label=\"8 von 8\"><figure class=\"swiper-slide-inner\"><img decoding=\"async\" class=\"swiper-slide-image\" src=\"https:\/\/www.lichtbilderliebe.de\/wp-content\/uploads\/2025\/05\/Bild-2-1-200x300.jpg\" alt=\"Bild-2\" \/><\/figure><\/div>\t\t\t<\/div>\n\t\t\t\t\t\t\t\t\t\t\t\t<div class=\"elementor-swiper-button elementor-swiper-button-prev\" role=\"button\" tabindex=\"0\">\n\t\t\t\t\t\t<svg aria-hidden=\"true\" class=\"e-font-icon-svg e-eicon-chevron-left\" viewBox=\"0 0 1000 1000\" xmlns=\"http:\/\/www.w3.org\/2000\/svg\"><path d=\"M646 125C629 125 613 133 604 142L308 442C296 454 292 471 292 487 292 504 296 521 308 533L604 854C617 867 629 875 646 875 663 875 679 871 692 858 704 846 713 829 713 812 713 796 708 779 692 767L438 487 692 225C700 217 708 204 708 187 708 171 704 154 692 142 675 129 663 125 646 125Z\"><\/path><\/svg>\t\t\t\t\t<\/div>\n\t\t\t\t\t<div class=\"elementor-swiper-button elementor-swiper-button-next\" role=\"button\" tabindex=\"0\">\n\t\t\t\t\t\t<svg aria-hidden=\"true\" class=\"e-font-icon-svg e-eicon-chevron-right\" viewBox=\"0 0 1000 1000\" xmlns=\"http:\/\/www.w3.org\/2000\/svg\"><path d=\"M696 533C708 521 713 504 713 487 713 471 708 454 696 446L400 146C388 133 375 125 354 125 338 125 325 129 313 142 300 154 292 171 292 187 292 204 296 221 308 233L563 492 304 771C292 783 288 800 288 817 288 833 296 850 308 863 321 871 338 875 354 875 371 875 388 867 400 854L696 533Z\"><\/path><\/svg>\t\t\t\t\t<\/div>\n\t\t\t\t\n\t\t\t\t\t\t\t\t\t<div class=\"swiper-pagination\"><\/div>\n\t\t\t\t\t\t\t\t\t<\/div>\n\t\t\t\t\t\t<\/div>\n\t\t\t\t<\/div>\n\t\t\t\t<div class=\"elementor-element elementor-element-3b1e187 elementor-widget-divider--view-line elementor-widget elementor-widget-divider\" data-id=\"3b1e187\" data-element_type=\"widget\" data-e-type=\"widget\" data-widget_type=\"divider.default\">\n\t\t\t\t<div class=\"elementor-widget-container\">\n\t\t\t\t\t\t\t<div class=\"elementor-divider\">\n\t\t\t<span class=\"elementor-divider-separator\">\n\t\t\t\t\t\t<\/span>\n\t\t<\/div>\n\t\t\t\t\t\t<\/div>\n\t\t\t\t<\/div>\n\t\t\t\t\t<\/div>\n\t\t\t\t<\/div>\n\t\t<div class=\"elementor-element elementor-element-cb4675f e-flex e-con-boxed e-con e-parent\" data-id=\"cb4675f\" data-element_type=\"container\" data-e-type=\"container\">\n\t\t\t\t\t<div class=\"e-con-inner\">\n\t\t<div class=\"elementor-element elementor-element-48d9b8a e-con-full e-flex e-con e-child\" data-id=\"48d9b8a\" data-element_type=\"container\" data-e-type=\"container\">\n\t\t\t\t<div class=\"elementor-element elementor-element-51e396a elementor-widget elementor-widget-image\" data-id=\"51e396a\" data-element_type=\"widget\" data-e-type=\"widget\" data-widget_type=\"image.default\">\n\t\t\t\t<div class=\"elementor-widget-container\">\n\t\t\t\t\t\t\t\t\t\t\t\t\t\t\t<img fetchpriority=\"high\" decoding=\"async\" width=\"819\" height=\"1024\" src=\"https:\/\/www.lichtbilderliebe.de\/wp-content\/uploads\/2024\/06\/M22A1216-819x1024.jpg\" class=\"attachment-large size-large wp-image-2488\" alt=\"Nahaufnahme der Hand des Vater mit welcher er den Kopf seiner Tochter h\u00e4lt.\" srcset=\"https:\/\/www.lichtbilderliebe.de\/wp-content\/uploads\/2024\/06\/M22A1216-819x1024.jpg 819w, https:\/\/www.lichtbilderliebe.de\/wp-content\/uploads\/2024\/06\/M22A1216-240x300.jpg 240w, https:\/\/www.lichtbilderliebe.de\/wp-content\/uploads\/2024\/06\/M22A1216-768x960.jpg 768w, https:\/\/www.lichtbilderliebe.de\/wp-content\/uploads\/2024\/06\/M22A1216-1229x1536.jpg 1229w, https:\/\/www.lichtbilderliebe.de\/wp-content\/uploads\/2024\/06\/M22A1216-1638x2048.jpg 1638w, https:\/\/www.lichtbilderliebe.de\/wp-content\/uploads\/2024\/06\/M22A1216-scaled.jpg 2048w\" sizes=\"(max-width: 819px) 100vw, 819px\" \/>\t\t\t\t\t\t\t\t\t\t\t\t\t\t\t<\/div>\n\t\t\t\t<\/div>\n\t\t\t\t<\/div>\n\t\t<div class=\"elementor-element elementor-element-7a7b309 e-con-full e-flex e-con e-child\" data-id=\"7a7b309\" data-element_type=\"container\" data-e-type=\"container\">\n\t\t\t\t<div class=\"elementor-element elementor-element-3fa1e1c elementor-widget elementor-widget-heading\" data-id=\"3fa1e1c\" data-element_type=\"widget\" data-e-type=\"widget\" data-widget_type=\"heading.default\">\n\t\t\t\t<div class=\"elementor-widget-container\">\n\t\t\t\t\t<h2 class=\"elementor-heading-title elementor-size-default\">Newbornfotos<\/h2>\t\t\t\t<\/div>\n\t\t\t\t<\/div>\n\t\t\t\t<div class=\"elementor-element elementor-element-199bd07 elementor-widget elementor-widget-text-editor\" data-id=\"199bd07\" data-element_type=\"widget\" data-e-type=\"widget\" data-widget_type=\"text-editor.default\">\n\t\t\t\t<div class=\"elementor-widget-container\">\n\t\t\t\t\t\t\t\t\t<p>Damit ihr euch ein Leben lang an <strong>die wundervollen ersten Tage<\/strong> als Familie erinnern k\u00f6nnt, halten wir den <strong>einmaligen Neugeborenenzauber<\/strong> in Bildern fest. Das Neugeborene ver\u00e4ndert sich rasend schnell und umso wichtiger ist es, diese <strong>Momente f\u00fcr die Ewigkeit<\/strong> festzuhalten. \u00a0Das Shooting findet bei euch zu Hause im gewohnten Umfeld statt \u2013 mit viel Ruhe und Zeit zum kuscheln, stillen oder f\u00fcttern. Ein Shooting ist auch drau\u00dfen in der Natur m\u00f6glich. Es entstehen nat\u00fcrlich auch <strong>Familien- und Geschwisterbilder<\/strong>, falls es schon gr\u00f6\u00dfere Geschwister gibt. Habt ihr euer Newbornshooting bei mir reserviert, vereinbaren wir den genauen Termin, wenn euer Baby auf der Welt ist.<\/p>\t\t\t\t\t\t\t\t<\/div>\n\t\t\t\t<\/div>\n\t\t\t\t<\/div>\n\t\t\t\t\t<\/div>\n\t\t\t\t<\/div>\n\t\t<div class=\"elementor-element elementor-element-06bd4dc e-flex e-con-boxed e-con e-parent\" data-id=\"06bd4dc\" data-element_type=\"container\" data-e-type=\"container\">\n\t\t\t\t\t<div class=\"e-con-inner\">\n\t\t\t\t<div class=\"elementor-element elementor-element-70575cf elementor-widget-divider--view-line elementor-widget elementor-widget-divider\" data-id=\"70575cf\" data-element_type=\"widget\" data-e-type=\"widget\" data-widget_type=\"divider.default\">\n\t\t\t\t<div class=\"elementor-widget-container\">\n\t\t\t\t\t\t\t<div class=\"elementor-divider\">\n\t\t\t<span class=\"elementor-divider-separator\">\n\t\t\t\t\t\t<\/span>\n\t\t<\/div>\n\t\t\t\t\t\t<\/div>\n\t\t\t\t<\/div>\n\t\t\t\t\t<\/div>\n\t\t\t\t<\/div>\n\t\t<div class=\"elementor-element elementor-element-1f452dd e-flex e-con-boxed e-con e-parent\" data-id=\"1f452dd\" data-element_type=\"container\" data-e-type=\"container\">\n\t\t\t\t\t<div class=\"e-con-inner\">\n\t\t<div class=\"elementor-element elementor-element-33dd998 e-con-full e-flex e-con e-child\" data-id=\"33dd998\" data-element_type=\"container\" data-e-type=\"container\">\n\t\t\t\t<div class=\"elementor-element elementor-element-e077213 elementor-widget elementor-widget-heading\" data-id=\"e077213\" data-element_type=\"widget\" data-e-type=\"widget\" data-widget_type=\"heading.default\">\n\t\t\t\t<div class=\"elementor-widget-container\">\n\t\t\t\t\t<h2 class=\"elementor-heading-title elementor-size-default\">Ablauf des        Newbornshootings<\/h2>\t\t\t\t<\/div>\n\t\t\t\t<\/div>\n\t\t\t\t<div class=\"elementor-element elementor-element-200f5dd elementor-widget elementor-widget-text-editor\" data-id=\"200f5dd\" data-element_type=\"widget\" data-e-type=\"widget\" data-widget_type=\"text-editor.default\">\n\t\t\t\t<div class=\"elementor-widget-container\">\n\t\t\t\t\t\t\t\t\t<p>1. Ihr nehmt bereits <strong>in der Schwangerschaft Kontakt<\/strong> mit mir auf, damit ich mir einen Termin um den Entbindungstermin f\u00fcr euer Newbornshooting freihalten kann. Nach der Geburt des Babys vereinbaren wir dann unseren Shootingtermin. Der ideale <strong>Zeitpunkt<\/strong> f\u00fcr das Fotoshooting ist zwischen der<strong> ersten und zweiten Lebenswoche<\/strong>, denn da schlafen die Neugebornen noch sehr viel und haben noch keine starke Babyakne.<\/p><p>2. Das Newbornshooting findet <strong>bei euch zu Hause<\/strong> in der gewohnten Umgebung statt, auf Wunsch ist dies auch <strong>drau\u00dfen in der Natur<\/strong> m\u00f6glich. Gemeinsam besprechen wir eure Vorstellungen der Newbornfotos und \u00fcberlegen, wie wir diese umsetzen k\u00f6nnen.\u00a0<\/p><p>3. Das <strong>Fotoshooting<\/strong> dauert circa 60 \u2013 90 Minuten. So bleibt auch <strong>ausreichend Zeit<\/strong>, zum stillen, f\u00fcttern oder kuscheln. Mir ist es bei einem Newbornshooting besonders wichtig, dass wir viel Zeit und Ruhe haben, um wundervolle Fotos des Neugeborenen machen k\u00f6nnen.<\/p><p>4. Nach unserem Newbornfotoshooting <strong>bearbeite ich die besten Bilder<\/strong> liebevoll in meinem Stil. Ihr bekommt die ausgew\u00e4hlten Fotos hochaufl\u00f6send und ohne Wasserzeichen zum Download <strong>in einer Online-Galerie<\/strong>.<\/p>\t\t\t\t\t\t\t\t<\/div>\n\t\t\t\t<\/div>\n\t\t\t\t<\/div>\n\t\t<div class=\"elementor-element elementor-element-ffb5da1 e-con-full e-flex e-con e-child\" data-id=\"ffb5da1\" data-element_type=\"container\" data-e-type=\"container\">\n\t\t\t\t<div class=\"elementor-element elementor-element-e750e97 elementor-widget elementor-widget-image\" data-id=\"e750e97\" data-element_type=\"widget\" data-e-type=\"widget\" data-widget_type=\"image.default\">\n\t\t\t\t<div class=\"elementor-widget-container\">\n\t\t\t\t\t\t\t\t\t\t\t\t\t\t\t<img decoding=\"async\" width=\"819\" height=\"1024\" src=\"https:\/\/www.lichtbilderliebe.de\/wp-content\/uploads\/2024\/12\/Bild-9-819x1024.jpg\" class=\"attachment-large size-large wp-image-3042\" alt=\"\" srcset=\"https:\/\/www.lichtbilderliebe.de\/wp-content\/uploads\/2024\/12\/Bild-9-819x1024.jpg 819w, https:\/\/www.lichtbilderliebe.de\/wp-content\/uploads\/2024\/12\/Bild-9-240x300.jpg 240w, https:\/\/www.lichtbilderliebe.de\/wp-content\/uploads\/2024\/12\/Bild-9-768x960.jpg 768w, https:\/\/www.lichtbilderliebe.de\/wp-content\/uploads\/2024\/12\/Bild-9.jpg 864w\" sizes=\"(max-width: 819px) 100vw, 819px\" \/>\t\t\t\t\t\t\t\t\t\t\t\t\t\t\t<\/div>\n\t\t\t\t<\/div>\n\t\t\t\t<\/div>\n\t\t\t\t\t<\/div>\n\t\t\t\t<\/div>\n\t\t<div class=\"elementor-element elementor-element-ceeb8ca e-flex e-con-boxed e-con e-parent\" data-id=\"ceeb8ca\" data-element_type=\"container\" data-e-type=\"container\">\n\t\t\t\t\t<div class=\"e-con-inner\">\n\t\t\t\t<div class=\"elementor-element elementor-element-84bfbad elementor-widget-divider--view-line elementor-widget elementor-widget-divider\" data-id=\"84bfbad\" data-element_type=\"widget\" data-e-type=\"widget\" data-widget_type=\"divider.default\">\n\t\t\t\t<div class=\"elementor-widget-container\">\n\t\t\t\t\t\t\t<div class=\"elementor-divider\">\n\t\t\t<span class=\"elementor-divider-separator\">\n\t\t\t\t\t\t<\/span>\n\t\t<\/div>\n\t\t\t\t\t\t<\/div>\n\t\t\t\t<\/div>\n\t\t\t\t\t<\/div>\n\t\t\t\t<\/div>\n\t\t<div class=\"elementor-element elementor-element-cdd8364 e-flex e-con-boxed e-con e-parent\" data-id=\"cdd8364\" data-element_type=\"container\" data-e-type=\"container\">\n\t\t\t\t\t<div class=\"e-con-inner\">\n\t\t<div class=\"elementor-element elementor-element-463b854 e-con-full e-flex e-con e-child\" data-id=\"463b854\" data-element_type=\"container\" data-e-type=\"container\">\n\t\t\t\t<div class=\"elementor-element elementor-element-5defa45 elementor-widget elementor-widget-image\" data-id=\"5defa45\" data-element_type=\"widget\" data-e-type=\"widget\" data-widget_type=\"image.default\">\n\t\t\t\t<div class=\"elementor-widget-container\">\n\t\t\t\t\t\t\t\t\t\t\t\t\t\t\t<img decoding=\"async\" width=\"819\" height=\"1024\" src=\"https:\/\/www.lichtbilderliebe.de\/wp-content\/uploads\/2024\/12\/Bild-11-819x1024.jpg\" class=\"attachment-large size-large wp-image-3044\" alt=\"\" srcset=\"https:\/\/www.lichtbilderliebe.de\/wp-content\/uploads\/2024\/12\/Bild-11-819x1024.jpg 819w, https:\/\/www.lichtbilderliebe.de\/wp-content\/uploads\/2024\/12\/Bild-11-240x300.jpg 240w, https:\/\/www.lichtbilderliebe.de\/wp-content\/uploads\/2024\/12\/Bild-11-768x960.jpg 768w, https:\/\/www.lichtbilderliebe.de\/wp-content\/uploads\/2024\/12\/Bild-11.jpg 864w\" sizes=\"(max-width: 819px) 100vw, 819px\" \/>\t\t\t\t\t\t\t\t\t\t\t\t\t\t\t<\/div>\n\t\t\t\t<\/div>\n\t\t\t\t<\/div>\n\t\t<div class=\"elementor-element elementor-element-5a2bd70 e-con-full e-flex e-con e-child\" data-id=\"5a2bd70\" data-element_type=\"container\" data-e-type=\"container\">\n\t\t\t\t<div class=\"elementor-element elementor-element-55d2dcb elementor-widget elementor-widget-heading\" data-id=\"55d2dcb\" data-element_type=\"widget\" data-e-type=\"widget\" data-widget_type=\"heading.default\">\n\t\t\t\t<div class=\"elementor-widget-container\">\n\t\t\t\t\t<h2 class=\"elementor-heading-title elementor-size-default\">Allgemeines zum Newbornshooting<\/h2>\t\t\t\t<\/div>\n\t\t\t\t<\/div>\n\t\t\t\t<div class=\"elementor-element elementor-element-4e9ff22 elementor-widget elementor-widget-text-editor\" data-id=\"4e9ff22\" data-element_type=\"widget\" data-e-type=\"widget\" data-widget_type=\"text-editor.default\">\n\t\t\t\t<div class=\"elementor-widget-container\">\n\t\t\t\t\t\t\t\t\t<p>1. Ihr habt Sorge, dass das Baby bei dem Fotoshooting unzufrieden ist und die Fotos nicht sch\u00f6n werden? Keine Sorge &#8211; auch in diesen Situationen k\u00f6nnen wundervolle und vor allem sehr <strong>authentische Bilder<\/strong> entstehen. Ich nehme mir f\u00fcr das Newbornshooting sehr viel Zeit, damit wir eine ruhige und entspannte Atmosph\u00e4re schaffen k\u00f6nnen.<\/p><p>2. Bei dem Newbornshooting entstehen nicht nur <strong>Bilder vom Neugebornen<\/strong>, sondern auch <strong>Familien- und Geschwisterfotos<\/strong>, denn diese magische Zeit ist f\u00fcr die gesamte Familie etwas ganz besonderes.<\/p><p>3. Ihr habt <strong>besondere W\u00fcnsche<\/strong> oder Elemente (wie beispielsweise Kuscheltiere, Kleidungsst\u00fccke, etc.), die mit auf die Bilder sollen? Sehr gerne! So k\u00f6nnen wir den Neugeborenenfotos noch mehr euren pers\u00f6nlichen Touch verleihen.<\/p><p>4. Damit die Bilder harmonisch aussehen, gibt es bei der <strong>Wahl des Outfits <\/strong>einiges zu beachten. Stimmt die Outfits aufeinander ab, w\u00e4hlt warme\/erdige Farben und vermeidet gro\u00dfe Aufdrucke\/Muster oder dunkle Farben. Gerne unterst\u00fctze ich euch bei der Wahl des richtigen Outfits.\u00a0<\/p>\t\t\t\t\t\t\t\t<\/div>\n\t\t\t\t<\/div>\n\t\t\t\t<\/div>\n\t\t\t\t\t<\/div>\n\t\t\t\t<\/div>\n\t\t<div class=\"elementor-element elementor-element-65ab6f9 e-flex e-con-boxed e-con e-parent\" data-id=\"65ab6f9\" data-element_type=\"container\" data-e-type=\"container\">\n\t\t\t\t\t<div class=\"e-con-inner\">\n\t\t\t\t<div class=\"elementor-element elementor-element-1d05dd2 elementor-widget-divider--view-line elementor-widget elementor-widget-divider\" data-id=\"1d05dd2\" data-element_type=\"widget\" data-e-type=\"widget\" data-widget_type=\"divider.default\">\n\t\t\t\t<div class=\"elementor-widget-container\">\n\t\t\t\t\t\t\t<div class=\"elementor-divider\">\n\t\t\t<span class=\"elementor-divider-separator\">\n\t\t\t\t\t\t<\/span>\n\t\t<\/div>\n\t\t\t\t\t\t<\/div>\n\t\t\t\t<\/div>\n\t\t\t\t<div class=\"elementor-element elementor-element-90c4d49 elementor-widget-mobile__width-initial elementor-widget elementor-widget-text-editor\" data-id=\"90c4d49\" data-element_type=\"widget\" data-e-type=\"widget\" data-widget_type=\"text-editor.default\">\n\t\t\t\t<div class=\"elementor-widget-container\">\n\t\t\t\t\t\t\t\t\t<p>Du m\u00f6chtest den Zauber eines Neugeborenen in einzigartigen Fotos festhalten?<br \/><strong>Hier geht es zu deinen Newbornfotos:<\/strong><\/p>\t\t\t\t\t\t\t\t<\/div>\n\t\t\t\t<\/div>\n\t\t\t\t<div class=\"elementor-element elementor-element-41d8a4b elementor-align-center elementor-widget elementor-widget-button\" data-id=\"41d8a4b\" data-element_type=\"widget\" data-e-type=\"widget\" data-widget_type=\"button.default\">\n\t\t\t\t<div class=\"elementor-widget-container\">\n\t\t\t\t\t\t\t\t\t<div class=\"elementor-button-wrapper\">\n\t\t\t\t\t<a class=\"elementor-button elementor-button-link elementor-size-sm\" href=\"https:\/\/www.lichtbilderliebe.de\/?page_id=27\">\n\t\t\t\t\t\t<span class=\"elementor-button-content-wrapper\">\n\t\t\t\t\t\t\t\t\t<span class=\"elementor-button-text\">Termin vereinbaren.<\/span>\n\t\t\t\t\t<\/span>\n\t\t\t\t\t<\/a>\n\t\t\t\t<\/div>\n\t\t\t\t\t\t\t\t<\/div>\n\t\t\t\t<\/div>\n\t\t\t\t\t<\/div>\n\t\t\t\t<\/div>\n\t\t\t\t<\/div>\n\t\t","protected":false},"excerpt":{"rendered":"<p>den Neugeborenenzauber festhalten Newbornshooting Newbornfotos Damit ihr euch ein Leben lang an die wundervollen ersten Tage als Familie erinnern k\u00f6nnt, halten wir den einmaligen Neugeborenenzauber in Bildern fest. Das Neugeborene ver\u00e4ndert sich rasend schnell und umso wichtiger ist es, diese Momente f\u00fcr die Ewigkeit festzuhalten. \u00a0Das Shooting findet bei euch zu Hause im gewohnten Umfeld [&hellip;]<\/p>\n","protected":false},"author":1,"featured_media":0,"parent":0,"menu_order":0,"comment_status":"closed","ping_status":"closed","template":"","meta":{"_monsterinsights_skip_tracking":false,"_monsterinsights_sitenote_active":false,"_monsterinsights_sitenote_note":"","_monsterinsights_sitenote_category":0,"ocean_post_layout":"full-screen","ocean_both_sidebars_style":"","ocean_both_sidebars_content_width":0,"ocean_both_sidebars_sidebars_width":0,"ocean_sidebar":"","ocean_second_sidebar":"","ocean_disable_margins":"enable","ocean_add_body_class":"","ocean_shortcode_before_top_bar":"","ocean_shortcode_after_top_bar":"","ocean_shortcode_before_header":"","ocean_shortcode_after_header":"","ocean_has_shortcode":"","ocean_shortcode_after_title":"","ocean_shortcode_before_footer_widgets":"","ocean_shortcode_after_footer_widgets":"","ocean_shortcode_before_footer_bottom":"","ocean_shortcode_after_footer_bottom":"","ocean_display_top_bar":"off","ocean_display_header":"default","ocean_header_style":"","ocean_center_header_left_menu":"","ocean_custom_header_template":"","ocean_custom_logo":0,"ocean_custom_retina_logo":0,"ocean_custom_logo_max_width":0,"ocean_custom_logo_tablet_max_width":0,"ocean_custom_logo_mobile_max_width":0,"ocean_custom_logo_max_height":0,"ocean_custom_logo_tablet_max_height":0,"ocean_custom_logo_mobile_max_height":0,"ocean_header_custom_menu":"","ocean_menu_typo_font_family":"","ocean_menu_typo_font_subset":"","ocean_menu_typo_font_size":0,"ocean_menu_typo_font_size_tablet":0,"ocean_menu_typo_font_size_mobile":0,"ocean_menu_typo_font_size_unit":"px","ocean_menu_typo_font_weight":"","ocean_menu_typo_font_weight_tablet":"","ocean_menu_typo_font_weight_mobile":"","ocean_menu_typo_transform":"","ocean_menu_typo_transform_tablet":"","ocean_menu_typo_transform_mobile":"","ocean_menu_typo_line_height":0,"ocean_menu_typo_line_height_tablet":0,"ocean_menu_typo_line_height_mobile":0,"ocean_menu_typo_line_height_unit":"","ocean_menu_typo_spacing":0,"ocean_menu_typo_spacing_tablet":0,"ocean_menu_typo_spacing_mobile":0,"ocean_menu_typo_spacing_unit":"","ocean_menu_link_color":"","ocean_menu_link_color_hover":"","ocean_menu_link_color_active":"","ocean_menu_link_background":"","ocean_menu_link_hover_background":"","ocean_menu_link_active_background":"","ocean_menu_social_links_bg":"","ocean_menu_social_hover_links_bg":"","ocean_menu_social_links_color":"","ocean_menu_social_hover_links_color":"","ocean_disable_title":"on","ocean_disable_heading":"default","ocean_post_title":"","ocean_post_subheading":"","ocean_post_title_style":"","ocean_post_title_background_color":"","ocean_post_title_background":0,"ocean_post_title_bg_image_position":"","ocean_post_title_bg_image_attachment":"","ocean_post_title_bg_image_repeat":"","ocean_post_title_bg_image_size":"","ocean_post_title_height":0,"ocean_post_title_bg_overlay":0.5,"ocean_post_title_bg_overlay_color":"","ocean_disable_breadcrumbs":"default","ocean_breadcrumbs_color":"","ocean_breadcrumbs_separator_color":"","ocean_breadcrumbs_links_color":"","ocean_breadcrumbs_links_hover_color":"","ocean_display_footer_widgets":"off","ocean_display_footer_bottom":"default","ocean_custom_footer_template":"","footnotes":""},"class_list":["post-1700","page","type-page","status-publish","hentry","entry"],"_links":{"self":[{"href":"https:\/\/www.lichtbilderliebe.de\/index.php?rest_route=\/wp\/v2\/pages\/1700","targetHints":{"allow":["GET"]}}],"collection":[{"href":"https:\/\/www.lichtbilderliebe.de\/index.php?rest_route=\/wp\/v2\/pages"}],"about":[{"href":"https:\/\/www.lichtbilderliebe.de\/index.php?rest_route=\/wp\/v2\/types\/page"}],"author":[{"embeddable":true,"href":"https:\/\/www.lichtbilderliebe.de\/index.php?rest_route=\/wp\/v2\/users\/1"}],"replies":[{"embeddable":true,"href":"https:\/\/www.lichtbilderliebe.de\/index.php?rest_route=%2Fwp%2Fv2%2Fcomments&post=1700"}],"version-history":[{"count":164,"href":"https:\/\/www.lichtbilderliebe.de\/index.php?rest_route=\/wp\/v2\/pages\/1700\/revisions"}],"predecessor-version":[{"id":3269,"href":"https:\/\/www.lichtbilderliebe.de\/index.php?rest_route=\/wp\/v2\/pages\/1700\/revisions\/3269"}],"wp:attachment":[{"href":"https:\/\/www.lichtbilderliebe.de\/index.php?rest_route=%2Fwp%2Fv2%2Fmedia&parent=1700"}],"curies":[{"name":"wp","href":"https:\/\/api.w.org\/{rel}","templated":true}]}}