{"id":1697,"date":"2024-05-21T19:49:13","date_gmt":"2024-05-21T17:49:13","guid":{"rendered":"https:\/\/www.lichtbilderliebe.de\/?page_id=1697"},"modified":"2025-07-18T20:21:29","modified_gmt":"2025-07-18T18:21:29","slug":"familienshooting","status":"publish","type":"page","link":"https:\/\/www.lichtbilderliebe.de\/?page_id=1697","title":{"rendered":"Familienshooting"},"content":{"rendered":"\t\t<div data-elementor-type=\"wp-page\" data-elementor-id=\"1697\" class=\"elementor elementor-1697\">\n\t\t\t\t<div class=\"elementor-element elementor-element-685bf78 e-flex e-con-boxed e-con e-parent\" data-id=\"685bf78\" data-element_type=\"container\" data-e-type=\"container\" data-settings=\"{&quot;background_background&quot;:&quot;classic&quot;}\">\n\t\t\t\t\t<div class=\"e-con-inner\">\n\t\t\t\t<div class=\"elementor-element elementor-element-a732fd0 elementor-widget elementor-widget-heading\" data-id=\"a732fd0\" data-element_type=\"widget\" data-e-type=\"widget\" data-widget_type=\"heading.default\">\n\t\t\t\t<div class=\"elementor-widget-container\">\n\t\t\t\t\t<h2 class=\"elementor-heading-title elementor-size-default\">wundervolle Familienmomente festhalten<\/h2>\t\t\t\t<\/div>\n\t\t\t\t<\/div>\n\t\t\t\t<div class=\"elementor-element elementor-element-fbeffc6 elementor-widget__width-inherit elementor-widget elementor-widget-heading\" data-id=\"fbeffc6\" data-element_type=\"widget\" data-e-type=\"widget\" data-widget_type=\"heading.default\">\n\t\t\t\t<div class=\"elementor-widget-container\">\n\t\t\t\t\t<h1 class=\"elementor-heading-title elementor-size-default\">Familienshooting<\/h1>\t\t\t\t<\/div>\n\t\t\t\t<\/div>\n\t\t\t\t\t<\/div>\n\t\t\t\t<\/div>\n\t\t<div class=\"elementor-element elementor-element-9dfad79 e-flex e-con-boxed e-con e-parent\" data-id=\"9dfad79\" data-element_type=\"container\" data-e-type=\"container\">\n\t\t\t\t\t<div class=\"e-con-inner\">\n\t\t\t\t<div class=\"elementor-element elementor-element-fa6359c elementor-arrows-position-inside elementor-pagination-position-outside elementor-widget elementor-widget-image-carousel\" data-id=\"fa6359c\" data-element_type=\"widget\" data-e-type=\"widget\" data-settings=\"{&quot;slides_to_show&quot;:&quot;3&quot;,&quot;navigation&quot;:&quot;both&quot;,&quot;autoplay&quot;:&quot;yes&quot;,&quot;pause_on_hover&quot;:&quot;yes&quot;,&quot;pause_on_interaction&quot;:&quot;yes&quot;,&quot;autoplay_speed&quot;:5000,&quot;infinite&quot;:&quot;yes&quot;,&quot;speed&quot;:500}\" data-widget_type=\"image-carousel.default\">\n\t\t\t\t<div class=\"elementor-widget-container\">\n\t\t\t\t\t\t\t<div class=\"elementor-image-carousel-wrapper swiper\" role=\"region\" aria-roledescription=\"carousel\" aria-label=\"Bild Karussell\" dir=\"ltr\">\n\t\t\t<div class=\"elementor-image-carousel swiper-wrapper\" aria-live=\"off\">\n\t\t\t\t\t\t\t\t<div class=\"swiper-slide\" role=\"group\" aria-roledescription=\"slide\" aria-label=\"1 von 7\"><figure class=\"swiper-slide-inner\"><img decoding=\"async\" class=\"swiper-slide-image\" src=\"https:\/\/www.lichtbilderliebe.de\/wp-content\/uploads\/2025\/07\/Bild-8-1-240x300.jpg\" alt=\"Bild-8\" \/><\/figure><\/div><div class=\"swiper-slide\" role=\"group\" aria-roledescription=\"slide\" aria-label=\"2 von 7\"><figure class=\"swiper-slide-inner\"><img decoding=\"async\" class=\"swiper-slide-image\" src=\"https:\/\/www.lichtbilderliebe.de\/wp-content\/uploads\/2025\/07\/Bild-12-240x300.jpg\" alt=\"Bild-12\" \/><\/figure><\/div><div class=\"swiper-slide\" role=\"group\" aria-roledescription=\"slide\" aria-label=\"3 von 7\"><figure class=\"swiper-slide-inner\"><img decoding=\"async\" class=\"swiper-slide-image\" src=\"https:\/\/www.lichtbilderliebe.de\/wp-content\/uploads\/2025\/05\/Bild-2-2-200x300.jpg\" alt=\"Bild-2\" \/><\/figure><\/div><div class=\"swiper-slide\" role=\"group\" aria-roledescription=\"slide\" aria-label=\"4 von 7\"><figure class=\"swiper-slide-inner\"><img decoding=\"async\" class=\"swiper-slide-image\" src=\"https:\/\/www.lichtbilderliebe.de\/wp-content\/uploads\/2025\/05\/Bild-7-240x300.jpg\" alt=\"Bild-7\" \/><\/figure><\/div><div class=\"swiper-slide\" role=\"group\" aria-roledescription=\"slide\" aria-label=\"5 von 7\"><figure class=\"swiper-slide-inner\"><img decoding=\"async\" class=\"swiper-slide-image\" src=\"https:\/\/www.lichtbilderliebe.de\/wp-content\/uploads\/2024\/04\/M22A6257-Bearbeitet.jpg\" alt=\"\" \/><\/figure><\/div><div class=\"swiper-slide\" role=\"group\" aria-roledescription=\"slide\" aria-label=\"6 von 7\"><figure class=\"swiper-slide-inner\"><img decoding=\"async\" class=\"swiper-slide-image\" src=\"https:\/\/www.lichtbilderliebe.de\/wp-content\/uploads\/2024\/05\/M22A5987.jpg\" alt=\"\" \/><\/figure><\/div><div class=\"swiper-slide\" role=\"group\" aria-roledescription=\"slide\" aria-label=\"7 von 7\"><figure class=\"swiper-slide-inner\"><img decoding=\"async\" class=\"swiper-slide-image\" src=\"https:\/\/www.lichtbilderliebe.de\/wp-content\/uploads\/2024\/04\/M22A6170.jpg\" alt=\"\" \/><\/figure><\/div>\t\t\t<\/div>\n\t\t\t\t\t\t\t\t\t\t\t\t<div class=\"elementor-swiper-button elementor-swiper-button-prev\" role=\"button\" tabindex=\"0\">\n\t\t\t\t\t\t<svg aria-hidden=\"true\" class=\"e-font-icon-svg e-eicon-chevron-left\" viewBox=\"0 0 1000 1000\" xmlns=\"http:\/\/www.w3.org\/2000\/svg\"><path d=\"M646 125C629 125 613 133 604 142L308 442C296 454 292 471 292 487 292 504 296 521 308 533L604 854C617 867 629 875 646 875 663 875 679 871 692 858 704 846 713 829 713 812 713 796 708 779 692 767L438 487 692 225C700 217 708 204 708 187 708 171 704 154 692 142 675 129 663 125 646 125Z\"><\/path><\/svg>\t\t\t\t\t<\/div>\n\t\t\t\t\t<div class=\"elementor-swiper-button elementor-swiper-button-next\" role=\"button\" tabindex=\"0\">\n\t\t\t\t\t\t<svg aria-hidden=\"true\" class=\"e-font-icon-svg e-eicon-chevron-right\" viewBox=\"0 0 1000 1000\" xmlns=\"http:\/\/www.w3.org\/2000\/svg\"><path d=\"M696 533C708 521 713 504 713 487 713 471 708 454 696 446L400 146C388 133 375 125 354 125 338 125 325 129 313 142 300 154 292 171 292 187 292 204 296 221 308 233L563 492 304 771C292 783 288 800 288 817 288 833 296 850 308 863 321 871 338 875 354 875 371 875 388 867 400 854L696 533Z\"><\/path><\/svg>\t\t\t\t\t<\/div>\n\t\t\t\t\n\t\t\t\t\t\t\t\t\t<div class=\"swiper-pagination\"><\/div>\n\t\t\t\t\t\t\t\t\t<\/div>\n\t\t\t\t\t\t<\/div>\n\t\t\t\t<\/div>\n\t\t\t\t<div class=\"elementor-element elementor-element-b78cc80 elementor-widget-divider--view-line elementor-widget elementor-widget-divider\" data-id=\"b78cc80\" data-element_type=\"widget\" data-e-type=\"widget\" data-widget_type=\"divider.default\">\n\t\t\t\t<div class=\"elementor-widget-container\">\n\t\t\t\t\t\t\t<div class=\"elementor-divider\">\n\t\t\t<span class=\"elementor-divider-separator\">\n\t\t\t\t\t\t<\/span>\n\t\t<\/div>\n\t\t\t\t\t\t<\/div>\n\t\t\t\t<\/div>\n\t\t\t\t\t<\/div>\n\t\t\t\t<\/div>\n\t\t<div class=\"elementor-element elementor-element-8328270 e-flex e-con-boxed e-con e-parent\" data-id=\"8328270\" data-element_type=\"container\" data-e-type=\"container\">\n\t\t\t\t\t<div class=\"e-con-inner\">\n\t\t<div class=\"elementor-element elementor-element-571a2ef e-con-full e-flex e-con e-child\" data-id=\"571a2ef\" data-element_type=\"container\" data-e-type=\"container\">\n\t\t\t\t<div class=\"elementor-element elementor-element-3053490 elementor-widget elementor-widget-image\" data-id=\"3053490\" data-element_type=\"widget\" data-e-type=\"widget\" data-widget_type=\"image.default\">\n\t\t\t\t<div class=\"elementor-widget-container\">\n\t\t\t\t\t\t\t\t\t\t\t\t\t\t\t<img fetchpriority=\"high\" decoding=\"async\" width=\"768\" height=\"960\" src=\"https:\/\/www.lichtbilderliebe.de\/wp-content\/uploads\/2025\/07\/Bild-12-768x960.jpg\" class=\"attachment-medium_large size-medium_large wp-image-3314\" alt=\"\" srcset=\"https:\/\/www.lichtbilderliebe.de\/wp-content\/uploads\/2025\/07\/Bild-12-768x960.jpg 768w, https:\/\/www.lichtbilderliebe.de\/wp-content\/uploads\/2025\/07\/Bild-12-240x300.jpg 240w, https:\/\/www.lichtbilderliebe.de\/wp-content\/uploads\/2025\/07\/Bild-12-819x1024.jpg 819w, https:\/\/www.lichtbilderliebe.de\/wp-content\/uploads\/2025\/07\/Bild-12.jpg 864w\" sizes=\"(max-width: 768px) 100vw, 768px\" \/>\t\t\t\t\t\t\t\t\t\t\t\t\t\t\t<\/div>\n\t\t\t\t<\/div>\n\t\t\t\t<\/div>\n\t\t<div class=\"elementor-element elementor-element-58a8c26 e-con-full e-flex e-con e-child\" data-id=\"58a8c26\" data-element_type=\"container\" data-e-type=\"container\">\n\t\t<div class=\"elementor-element elementor-element-8119533 e-flex e-con-boxed e-con e-child\" data-id=\"8119533\" data-element_type=\"container\" data-e-type=\"container\">\n\t\t\t\t\t<div class=\"e-con-inner\">\n\t\t\t\t<div class=\"elementor-element elementor-element-55a1c22 elementor-widget elementor-widget-heading\" data-id=\"55a1c22\" data-element_type=\"widget\" data-e-type=\"widget\" data-widget_type=\"heading.default\">\n\t\t\t\t<div class=\"elementor-widget-container\">\n\t\t\t\t\t<h2 class=\"elementor-heading-title elementor-size-default\">Familienfotos<\/h2>\t\t\t\t<\/div>\n\t\t\t\t<\/div>\n\t\t\t\t\t<\/div>\n\t\t\t\t<\/div>\n\t\t<div class=\"elementor-element elementor-element-ed3570f e-flex e-con-boxed e-con e-child\" data-id=\"ed3570f\" data-element_type=\"container\" data-e-type=\"container\">\n\t\t\t\t\t<div class=\"e-con-inner\">\n\t\t\t\t<div class=\"elementor-element elementor-element-c3b3a97 elementor-widget elementor-widget-text-editor\" data-id=\"c3b3a97\" data-element_type=\"widget\" data-e-type=\"widget\" data-widget_type=\"text-editor.default\">\n\t\t\t\t<div class=\"elementor-widget-container\">\n\t\t\t\t\t\t\t\t\t<p>Meine Bilder sollen genau die Augenblicke einfangen, die <strong>euch als Familie besonders machen<\/strong> \u2013 ganz nat\u00fcrlich und ohne Druck. Man soll die Bilder sehen und euch sofort erkennen. Es gibt viele <strong>Augenblicke voller Emotionen<\/strong>, welche ich einfangen m\u00f6chte &#8211; ein strahlendes L\u00e4cheln, die vertraute N\u00e4he und die innigen Ber\u00fchrungen. Beim Familienfotoshooting gilt die Devise: <strong>alles kann, nichts muss.<\/strong> Ihr sollt so sein, wie ihr seid \u2013 mit allen Facetten, denn das ist das, was euch als Familie besonders macht. Jedes Mitglied der Familie ist wichtig und deshalb sind f\u00fcr mich Bilder von den Kindern genau so wichtig wie von den Eltern. \u00a0\u00a0<\/p>\t\t\t\t\t\t\t\t<\/div>\n\t\t\t\t<\/div>\n\t\t\t\t\t<\/div>\n\t\t\t\t<\/div>\n\t\t\t\t<\/div>\n\t\t\t\t\t<\/div>\n\t\t\t\t<\/div>\n\t\t<div class=\"elementor-element elementor-element-394c96b e-flex e-con-boxed e-con e-parent\" data-id=\"394c96b\" data-element_type=\"container\" data-e-type=\"container\">\n\t\t\t\t\t<div class=\"e-con-inner\">\n\t\t\t\t<div class=\"elementor-element elementor-element-8ff9829 elementor-widget-divider--view-line elementor-widget elementor-widget-divider\" data-id=\"8ff9829\" data-element_type=\"widget\" data-e-type=\"widget\" data-widget_type=\"divider.default\">\n\t\t\t\t<div class=\"elementor-widget-container\">\n\t\t\t\t\t\t\t<div class=\"elementor-divider\">\n\t\t\t<span class=\"elementor-divider-separator\">\n\t\t\t\t\t\t<\/span>\n\t\t<\/div>\n\t\t\t\t\t\t<\/div>\n\t\t\t\t<\/div>\n\t\t\t\t\t<\/div>\n\t\t\t\t<\/div>\n\t\t<div class=\"elementor-element elementor-element-bcf6726 e-flex e-con-boxed e-con e-parent\" data-id=\"bcf6726\" data-element_type=\"container\" data-e-type=\"container\">\n\t\t\t\t\t<div class=\"e-con-inner\">\n\t\t<div class=\"elementor-element elementor-element-bd12484 e-con-full e-flex e-con e-child\" data-id=\"bd12484\" data-element_type=\"container\" data-e-type=\"container\">\n\t\t\t\t<div class=\"elementor-element elementor-element-beca151 elementor-widget elementor-widget-heading\" data-id=\"beca151\" data-element_type=\"widget\" data-e-type=\"widget\" data-widget_type=\"heading.default\">\n\t\t\t\t<div class=\"elementor-widget-container\">\n\t\t\t\t\t<h2 class=\"elementor-heading-title elementor-size-default\">Ablauf des Familienshootings<\/h2>\t\t\t\t<\/div>\n\t\t\t\t<\/div>\n\t\t\t\t<div class=\"elementor-element elementor-element-98cd06a elementor-widget elementor-widget-text-editor\" data-id=\"98cd06a\" data-element_type=\"widget\" data-e-type=\"widget\" data-widget_type=\"text-editor.default\">\n\t\t\t\t<div class=\"elementor-widget-container\">\n\t\t\t\t\t\t\t\t\t<p>1. Wir <strong>vereinbaren einen Termin<\/strong>, der vor allem f\u00fcr euch als Familie am Besten in euren Alltag passt und bei dem wir eine Atmosph\u00e4re schaffen k\u00f6nnen, die frei von Stress und Druck ist. Das Licht ist morgens und abends f\u00fcr ein Fotoshooting am Besten.<\/p>\n<p>2. Gemeinsam besprechen wir eure Vorstellungen der Familienfotos und \u00fcberlegen, wie wir diese umsetzen k\u00f6nnen. Entsprechend w\u00e4hlen wir dann die <strong>passende Location<\/strong> f\u00fcr das Familienshooting aus. Das Shooting kann bei euch zu Hause oder drau\u00dfen in der Natur stattfinden.&nbsp;<\/p>\n<p>3. Das Fotoshooting <strong>dauert circa 60 \u2013 90 Minuten<\/strong>. So bleibt auch Zeit, um die Location oder das Outfit zu wechseln und kleine Pausen einzulegen. Mir ist es wichtig, dass wir eine unbeschwerte Zeit verbringen k\u00f6nnen, um wundervolle Familienfotos kreieren zu k\u00f6nnen.&nbsp;<\/p>\n<p>4. Nach unserem Familienshooting bearbeite ich die <strong>besten Bilder<\/strong> liebevoll in meinem Stil. Ihr bekommt eure ausgew\u00e4hlten Fotos hochaufl\u00f6send und ohne Wasserzeichen zum Download <strong>in einer Online-Galerie<\/strong>.<\/p>\t\t\t\t\t\t\t\t<\/div>\n\t\t\t\t<\/div>\n\t\t\t\t<\/div>\n\t\t<div class=\"elementor-element elementor-element-5c9573e e-con-full e-flex e-con e-child\" data-id=\"5c9573e\" data-element_type=\"container\" data-e-type=\"container\">\n\t\t\t\t<div class=\"elementor-element elementor-element-c92b857 elementor-widget elementor-widget-image\" data-id=\"c92b857\" data-element_type=\"widget\" data-e-type=\"widget\" data-widget_type=\"image.default\">\n\t\t\t\t<div class=\"elementor-widget-container\">\n\t\t\t\t\t\t\t\t\t\t\t\t\t\t\t<img decoding=\"async\" width=\"768\" height=\"960\" src=\"https:\/\/www.lichtbilderliebe.de\/wp-content\/uploads\/2025\/07\/Bild-8-1-768x960.jpg\" class=\"attachment-medium_large size-medium_large wp-image-3318\" alt=\"\" srcset=\"https:\/\/www.lichtbilderliebe.de\/wp-content\/uploads\/2025\/07\/Bild-8-1-768x960.jpg 768w, https:\/\/www.lichtbilderliebe.de\/wp-content\/uploads\/2025\/07\/Bild-8-1-240x300.jpg 240w, https:\/\/www.lichtbilderliebe.de\/wp-content\/uploads\/2025\/07\/Bild-8-1-819x1024.jpg 819w, https:\/\/www.lichtbilderliebe.de\/wp-content\/uploads\/2025\/07\/Bild-8-1.jpg 864w\" sizes=\"(max-width: 768px) 100vw, 768px\" \/>\t\t\t\t\t\t\t\t\t\t\t\t\t\t\t<\/div>\n\t\t\t\t<\/div>\n\t\t\t\t<\/div>\n\t\t\t\t\t<\/div>\n\t\t\t\t<\/div>\n\t\t<div class=\"elementor-element elementor-element-ea476e9 e-flex e-con-boxed e-con e-parent\" data-id=\"ea476e9\" data-element_type=\"container\" data-e-type=\"container\">\n\t\t\t\t\t<div class=\"e-con-inner\">\n\t\t\t\t<div class=\"elementor-element elementor-element-f86cc09 elementor-widget-divider--view-line elementor-widget elementor-widget-divider\" data-id=\"f86cc09\" data-element_type=\"widget\" data-e-type=\"widget\" data-widget_type=\"divider.default\">\n\t\t\t\t<div class=\"elementor-widget-container\">\n\t\t\t\t\t\t\t<div class=\"elementor-divider\">\n\t\t\t<span class=\"elementor-divider-separator\">\n\t\t\t\t\t\t<\/span>\n\t\t<\/div>\n\t\t\t\t\t\t<\/div>\n\t\t\t\t<\/div>\n\t\t\t\t\t<\/div>\n\t\t\t\t<\/div>\n\t\t<div class=\"elementor-element elementor-element-4f832ac e-flex e-con-boxed e-con e-parent\" data-id=\"4f832ac\" data-element_type=\"container\" data-e-type=\"container\">\n\t\t\t\t\t<div class=\"e-con-inner\">\n\t\t<div class=\"elementor-element elementor-element-6e6ba89 e-con-full e-flex e-con e-child\" data-id=\"6e6ba89\" data-element_type=\"container\" data-e-type=\"container\">\n\t\t\t\t<div class=\"elementor-element elementor-element-57a182a elementor-widget elementor-widget-image\" data-id=\"57a182a\" data-element_type=\"widget\" data-e-type=\"widget\" data-widget_type=\"image.default\">\n\t\t\t\t<div class=\"elementor-widget-container\">\n\t\t\t\t\t\t\t\t\t\t\t\t\t\t\t<img decoding=\"async\" width=\"768\" height=\"1151\" src=\"https:\/\/www.lichtbilderliebe.de\/wp-content\/uploads\/2025\/05\/Bild-2-2-768x1151.jpg\" class=\"attachment-medium_large size-medium_large wp-image-3280\" alt=\"\" srcset=\"https:\/\/www.lichtbilderliebe.de\/wp-content\/uploads\/2025\/05\/Bild-2-2-768x1151.jpg 768w, https:\/\/www.lichtbilderliebe.de\/wp-content\/uploads\/2025\/05\/Bild-2-2-200x300.jpg 200w, https:\/\/www.lichtbilderliebe.de\/wp-content\/uploads\/2025\/05\/Bild-2-2-683x1024.jpg 683w, https:\/\/www.lichtbilderliebe.de\/wp-content\/uploads\/2025\/05\/Bild-2-2-1025x1536.jpg 1025w, https:\/\/www.lichtbilderliebe.de\/wp-content\/uploads\/2025\/05\/Bild-2-2-1366x2048.jpg 1366w, https:\/\/www.lichtbilderliebe.de\/wp-content\/uploads\/2025\/05\/Bild-2-2-scaled.jpg 1708w\" sizes=\"(max-width: 768px) 100vw, 768px\" \/>\t\t\t\t\t\t\t\t\t\t\t\t\t\t\t<\/div>\n\t\t\t\t<\/div>\n\t\t\t\t<\/div>\n\t\t<div class=\"elementor-element elementor-element-aa30351 e-con-full e-flex e-con e-child\" data-id=\"aa30351\" data-element_type=\"container\" data-e-type=\"container\">\n\t\t\t\t<div class=\"elementor-element elementor-element-699f576 elementor-widget elementor-widget-heading\" data-id=\"699f576\" data-element_type=\"widget\" data-e-type=\"widget\" data-widget_type=\"heading.default\">\n\t\t\t\t<div class=\"elementor-widget-container\">\n\t\t\t\t\t<h2 class=\"elementor-heading-title elementor-size-default\">Allgemeines \u00fcber das Familienshooting<\/h2>\t\t\t\t<\/div>\n\t\t\t\t<\/div>\n\t\t\t\t<div class=\"elementor-element elementor-element-06d68d7 elementor-widget elementor-widget-text-editor\" data-id=\"06d68d7\" data-element_type=\"widget\" data-e-type=\"widget\" data-widget_type=\"text-editor.default\">\n\t\t\t\t<div class=\"elementor-widget-container\">\n\t\t\t\t\t\t\t\t\t<p>1. F\u00fcr <strong>authentische, nat\u00fcrliche und lebendige<\/strong> Familienfotos, d\u00fcrfen beim Fotoshooting <strong>Spa\u00df und Freude<\/strong> nicht zu kurz kommen. Wir gestalten unsere gemeinsame Zeit so, dass ihr euch fallen lassen und mich ausblenden k\u00f6nnt. Ihr d\u00fcrft kuscheln, spielen, toben, die Welt entdecken \u2013 einfach ganz ihr selbst sein.\u00a0<\/p><p>2. Das Shooting kann an eurem <strong>Lieblingsplatz<\/strong> stattfinden oder wir finden gemeinsam eine passende <strong>Location<\/strong>. Bei Shootings in der Natur oder im \u00f6ffentlichen Raum lege ich Wert darauf, dass wir ungest\u00f6rt sein k\u00f6nnen.<\/p><p>3. Damit die Bilder harmonisch aussehen, gibt es bei der <strong>Wahl des Outfits<\/strong> einiges zu beachten. Stimmt die Outfits aufeinander ab, w\u00e4hlt warme\/erdige Farben und vermeidet gro\u00dfe Aufdrucke\/Muster. Ansonsten gilt: Zieht das an, worin ihr euch wohl und nicht verkleidet f\u00fchlt. Gerne unterst\u00fctze ich euch bei der Wahl des richtigen Outfits.\u00a0<\/p><p>4. Es regnet am <strong>Shootingtag<\/strong>? Kein Problem, denn auch bei etwas Regen k\u00f6nnen wir wundervolle Fotos machen. Sollte das Wetter ein Shooting unm\u00f6glich machen, verschieben wir den Termin oder shooten bei euch zu Hause.<\/p>\t\t\t\t\t\t\t\t<\/div>\n\t\t\t\t<\/div>\n\t\t\t\t<\/div>\n\t\t\t\t\t<\/div>\n\t\t\t\t<\/div>\n\t\t<div class=\"elementor-element elementor-element-a330236 e-flex e-con-boxed e-con e-parent\" data-id=\"a330236\" data-element_type=\"container\" data-e-type=\"container\">\n\t\t\t\t\t<div class=\"e-con-inner\">\n\t\t\t\t<div class=\"elementor-element elementor-element-ac7114e elementor-widget-divider--view-line elementor-widget elementor-widget-divider\" data-id=\"ac7114e\" data-element_type=\"widget\" data-e-type=\"widget\" data-widget_type=\"divider.default\">\n\t\t\t\t<div class=\"elementor-widget-container\">\n\t\t\t\t\t\t\t<div class=\"elementor-divider\">\n\t\t\t<span class=\"elementor-divider-separator\">\n\t\t\t\t\t\t<\/span>\n\t\t<\/div>\n\t\t\t\t\t\t<\/div>\n\t\t\t\t<\/div>\n\t\t\t\t<div class=\"elementor-element elementor-element-3ee2678 elementor-widget__width-initial elementor-widget elementor-widget-text-editor\" data-id=\"3ee2678\" data-element_type=\"widget\" data-e-type=\"widget\" data-widget_type=\"text-editor.default\">\n\t\t\t\t<div class=\"elementor-widget-container\">\n\t\t\t\t\t\t\t\t\t<p>Du m\u00f6chtest wundervolle Momente deiner Familie in einzigartigen Fotos festhalten?<br \/><strong>Hier geht es zu deinen Familienfotos:<\/strong><\/p>\t\t\t\t\t\t\t\t<\/div>\n\t\t\t\t<\/div>\n\t\t\t\t<div class=\"elementor-element elementor-element-ab98164 elementor-align-center elementor-widget elementor-widget-button\" data-id=\"ab98164\" data-element_type=\"widget\" data-e-type=\"widget\" data-widget_type=\"button.default\">\n\t\t\t\t<div class=\"elementor-widget-container\">\n\t\t\t\t\t\t\t\t\t<div class=\"elementor-button-wrapper\">\n\t\t\t\t\t<a class=\"elementor-button elementor-button-link elementor-size-sm\" href=\"https:\/\/www.lichtbilderliebe.de\/?page_id=27\">\n\t\t\t\t\t\t<span class=\"elementor-button-content-wrapper\">\n\t\t\t\t\t\t\t\t\t<span class=\"elementor-button-text\">Termin vereinbaren.<\/span>\n\t\t\t\t\t<\/span>\n\t\t\t\t\t<\/a>\n\t\t\t\t<\/div>\n\t\t\t\t\t\t\t\t<\/div>\n\t\t\t\t<\/div>\n\t\t\t\t\t<\/div>\n\t\t\t\t<\/div>\n\t\t\t\t<\/div>\n\t\t","protected":false},"excerpt":{"rendered":"<p>wundervolle Familienmomente festhalten Familienshooting Familienfotos Meine Bilder sollen genau die Augenblicke einfangen, die euch als Familie besonders machen \u2013 ganz nat\u00fcrlich und ohne Druck. Man soll die Bilder sehen und euch sofort erkennen. Es gibt viele Augenblicke voller Emotionen, welche ich einfangen m\u00f6chte &#8211; ein strahlendes L\u00e4cheln, die vertraute N\u00e4he und die innigen Ber\u00fchrungen. Beim [&hellip;]<\/p>\n","protected":false},"author":1,"featured_media":0,"parent":0,"menu_order":0,"comment_status":"closed","ping_status":"closed","template":"","meta":{"_monsterinsights_skip_tracking":false,"_monsterinsights_sitenote_active":false,"_monsterinsights_sitenote_note":"","_monsterinsights_sitenote_category":0,"ocean_post_layout":"full-screen","ocean_both_sidebars_style":"","ocean_both_sidebars_content_width":0,"ocean_both_sidebars_sidebars_width":0,"ocean_sidebar":"","ocean_second_sidebar":"","ocean_disable_margins":"enable","ocean_add_body_class":"","ocean_shortcode_before_top_bar":"","ocean_shortcode_after_top_bar":"","ocean_shortcode_before_header":"","ocean_shortcode_after_header":"","ocean_has_shortcode":"","ocean_shortcode_after_title":"","ocean_shortcode_before_footer_widgets":"","ocean_shortcode_after_footer_widgets":"","ocean_shortcode_before_footer_bottom":"","ocean_shortcode_after_footer_bottom":"","ocean_display_top_bar":"off","ocean_display_header":"default","ocean_header_style":"","ocean_center_header_left_menu":"","ocean_custom_header_template":"","ocean_custom_logo":0,"ocean_custom_retina_logo":0,"ocean_custom_logo_max_width":0,"ocean_custom_logo_tablet_max_width":0,"ocean_custom_logo_mobile_max_width":0,"ocean_custom_logo_max_height":0,"ocean_custom_logo_tablet_max_height":0,"ocean_custom_logo_mobile_max_height":0,"ocean_header_custom_menu":"","ocean_menu_typo_font_family":"","ocean_menu_typo_font_subset":"","ocean_menu_typo_font_size":0,"ocean_menu_typo_font_size_tablet":0,"ocean_menu_typo_font_size_mobile":0,"ocean_menu_typo_font_size_unit":"px","ocean_menu_typo_font_weight":"","ocean_menu_typo_font_weight_tablet":"","ocean_menu_typo_font_weight_mobile":"","ocean_menu_typo_transform":"","ocean_menu_typo_transform_tablet":"","ocean_menu_typo_transform_mobile":"","ocean_menu_typo_line_height":0,"ocean_menu_typo_line_height_tablet":0,"ocean_menu_typo_line_height_mobile":0,"ocean_menu_typo_line_height_unit":"","ocean_menu_typo_spacing":0,"ocean_menu_typo_spacing_tablet":0,"ocean_menu_typo_spacing_mobile":0,"ocean_menu_typo_spacing_unit":"","ocean_menu_link_color":"","ocean_menu_link_color_hover":"","ocean_menu_link_color_active":"","ocean_menu_link_background":"","ocean_menu_link_hover_background":"","ocean_menu_link_active_background":"","ocean_menu_social_links_bg":"","ocean_menu_social_hover_links_bg":"","ocean_menu_social_links_color":"","ocean_menu_social_hover_links_color":"","ocean_disable_title":"on","ocean_disable_heading":"default","ocean_post_title":"","ocean_post_subheading":"","ocean_post_title_style":"","ocean_post_title_background_color":"","ocean_post_title_background":0,"ocean_post_title_bg_image_position":"","ocean_post_title_bg_image_attachment":"","ocean_post_title_bg_image_repeat":"","ocean_post_title_bg_image_size":"","ocean_post_title_height":0,"ocean_post_title_bg_overlay":0.5,"ocean_post_title_bg_overlay_color":"","ocean_disable_breadcrumbs":"default","ocean_breadcrumbs_color":"","ocean_breadcrumbs_separator_color":"","ocean_breadcrumbs_links_color":"","ocean_breadcrumbs_links_hover_color":"","ocean_display_footer_widgets":"off","ocean_display_footer_bottom":"default","ocean_custom_footer_template":"","footnotes":""},"class_list":["post-1697","page","type-page","status-publish","hentry","entry"],"_links":{"self":[{"href":"https:\/\/www.lichtbilderliebe.de\/index.php?rest_route=\/wp\/v2\/pages\/1697","targetHints":{"allow":["GET"]}}],"collection":[{"href":"https:\/\/www.lichtbilderliebe.de\/index.php?rest_route=\/wp\/v2\/pages"}],"about":[{"href":"https:\/\/www.lichtbilderliebe.de\/index.php?rest_route=\/wp\/v2\/types\/page"}],"author":[{"embeddable":true,"href":"https:\/\/www.lichtbilderliebe.de\/index.php?rest_route=\/wp\/v2\/users\/1"}],"replies":[{"embeddable":true,"href":"https:\/\/www.lichtbilderliebe.de\/index.php?rest_route=%2Fwp%2Fv2%2Fcomments&post=1697"}],"version-history":[{"count":323,"href":"https:\/\/www.lichtbilderliebe.de\/index.php?rest_route=\/wp\/v2\/pages\/1697\/revisions"}],"predecessor-version":[{"id":3321,"href":"https:\/\/www.lichtbilderliebe.de\/index.php?rest_route=\/wp\/v2\/pages\/1697\/revisions\/3321"}],"wp:attachment":[{"href":"https:\/\/www.lichtbilderliebe.de\/index.php?rest_route=%2Fwp%2Fv2%2Fmedia&parent=1697"}],"curies":[{"name":"wp","href":"https:\/\/api.w.org\/{rel}","templated":true}]}}